{"id":2762,"date":"2024-06-27T12:15:42","date_gmt":"2024-06-27T19:15:42","guid":{"rendered":"https:\/\/parexresource2.wpenginepowered.com\/onca\/resultados\/"},"modified":"2025-10-21T13:08:13","modified_gmt":"2025-10-21T20:08:13","slug":"resultados","status":"publish","type":"page","link":"https:\/\/www.parexresources.com\/onca\/resultados\/","title":{"rendered":"Resultados"},"content":{"rendered":"\t\t<div data-elementor-type=\"wp-page\" data-elementor-id=\"2762\" class=\"elementor elementor-2762\" data-elementor-post-type=\"page\">\n\t\t\t\t<div class=\"elementor-element elementor-element-227d073 e-flex e-con-boxed e-con e-parent\" data-id=\"227d073\" data-element_type=\"container\" data-e-type=\"container\" data-settings=\"{&quot;background_background&quot;:&quot;classic&quot;,&quot;jet_parallax_layout_list&quot;:[]}\">\n\t\t\t\t\t<div class=\"e-con-inner\">\n\t\t\t\t<div class=\"elementor-element elementor-element-6e53b75 elementor-widget elementor-widget-jet-breadcrumbs\" data-id=\"6e53b75\" data-element_type=\"widget\" data-e-type=\"widget\" data-widget_type=\"jet-breadcrumbs.default\">\n\t\t\t\t<div class=\"elementor-widget-container\">\n\t\t\t\t\t<div class=\"elementor-jet-breadcrumbs jet-blocks\">\n\t\t<div class=\"jet-breadcrumbs\">\n\t\t<div class=\"jet-breadcrumbs__content\">\n\t\t<div class=\"jet-breadcrumbs__wrap\"><div class=\"jet-breadcrumbs__item\"><a href=\"https:\/\/www.parexresources.com\/onca\/\" class=\"jet-breadcrumbs__item-link is-home\" rel=\"home\" title=\"Home\">Home<\/a><\/div>\n\t\t<\/div>\n\t\t<\/div>\n\t\t<\/div><\/div>\t\t\t\t<\/div>\n\t\t\t\t<\/div>\n\t\t\t\t<div class=\"elementor-element elementor-element-15bc94b elementor-widget elementor-widget-heading\" data-id=\"15bc94b\" data-element_type=\"widget\" data-e-type=\"widget\" data-widget_type=\"heading.default\">\n\t\t\t\t<div class=\"elementor-widget-container\">\n\t\t\t\t\t<h1 class=\"elementor-heading-title elementor-size-default\">Resultados<\/h1>\t\t\t\t<\/div>\n\t\t\t\t<\/div>\n\t\t\t\t<div class=\"elementor-element elementor-element-74a76e1 elementor-widget__width-initial elementor-widget elementor-widget-text-editor\" data-id=\"74a76e1\" data-element_type=\"widget\" data-e-type=\"widget\" data-widget_type=\"text-editor.default\">\n\t\t\t\t<div class=\"elementor-widget-container\">\n\t\t\t\t\t\t\t\t\t<p>Vea c\u00f3mo este proyecto est\u00e1 apoyando al medio ambiente y a las comunidades locales.<\/p>\t\t\t\t\t\t\t\t<\/div>\n\t\t\t\t<\/div>\n\t\t\t\t\t<\/div>\n\t\t\t\t<\/div>\n\t\t<div class=\"elementor-element elementor-element-54794e2 e-flex e-con-boxed e-con e-parent\" data-id=\"54794e2\" data-element_type=\"container\" data-e-type=\"container\" data-settings=\"{&quot;jet_parallax_layout_list&quot;:[]}\">\n\t\t\t\t\t<div class=\"e-con-inner\">\n\t\t\t\t<div class=\"elementor-element elementor-element-99a79cf elementor-widget-divider--view-line elementor-widget elementor-widget-divider\" data-id=\"99a79cf\" data-element_type=\"widget\" data-e-type=\"widget\" data-widget_type=\"divider.default\">\n\t\t\t\t<div class=\"elementor-widget-container\">\n\t\t\t\t\t\t\t<div class=\"elementor-divider\">\n\t\t\t<span class=\"elementor-divider-separator\">\n\t\t\t\t\t\t<\/span>\n\t\t<\/div>\n\t\t\t\t\t\t<\/div>\n\t\t\t\t<\/div>\n\t\t\t\t<div class=\"elementor-element elementor-element-b25be5e elementor-widget elementor-widget-heading\" data-id=\"b25be5e\" data-element_type=\"widget\" data-e-type=\"widget\" data-widget_type=\"heading.default\">\n\t\t\t\t<div class=\"elementor-widget-container\">\n\t\t\t\t\t<h2 class=\"elementor-heading-title elementor-size-default\"><a href=\"https:\/\/parexresources-my.sharepoint.com\/personal\/ralbarracin_parexresources_com\/_layouts\/15\/onedrive.aspx?id=%2Fpersonal%2Fralbarracin%5Fparexresources%5Fcom%2FDocuments%2FEIA%20ONCA&#038;ga=1\">Licencia Ambiental ONCA<\/a><\/h2>\t\t\t\t<\/div>\n\t\t\t\t<\/div>\n\t\t\t\t<div class=\"elementor-element elementor-element-fd084e5 elementor-widget-divider--view-line elementor-widget elementor-widget-divider\" data-id=\"fd084e5\" data-element_type=\"widget\" data-e-type=\"widget\" data-widget_type=\"divider.default\">\n\t\t\t\t<div class=\"elementor-widget-container\">\n\t\t\t\t\t\t\t<div class=\"elementor-divider\">\n\t\t\t<span class=\"elementor-divider-separator\">\n\t\t\t\t\t\t<\/span>\n\t\t<\/div>\n\t\t\t\t\t\t<\/div>\n\t\t\t\t<\/div>\n\t\t\t\t\t<\/div>\n\t\t\t\t<\/div>\n\t\t<div class=\"elementor-element elementor-element-c91cec1 e-flex e-con-boxed e-con e-parent\" data-id=\"c91cec1\" data-element_type=\"container\" data-e-type=\"container\" data-settings=\"{&quot;jet_parallax_layout_list&quot;:[]}\">\n\t\t\t\t\t<div class=\"e-con-inner\">\n\t\t\t\t<div class=\"elementor-element elementor-element-d7197a3 elementor-button-info elementor-widget elementor-widget-button\" data-id=\"d7197a3\" data-element_type=\"widget\" data-e-type=\"widget\" data-widget_type=\"button.default\">\n\t\t\t\t<div class=\"elementor-widget-container\">\n\t\t\t\t\t\t\t\t\t<div class=\"elementor-button-wrapper\">\n\t\t\t\t\t<a class=\"elementor-button elementor-button-link elementor-size-sm\" href=\"https:\/\/parexresources-my.sharepoint.com\/personal\/ralbarracin_parexresources_com\/_layouts\/15\/onedrive.aspx?id=%2Fpersonal%2Fralbarracin%5Fparexresources%5Fcom%2FDocuments%2FSOCIALIZACIONES%20ONCA&#038;ga=1\" target=\"_blank\" id=\"Documento 1\">\n\t\t\t\t\t\t<span class=\"elementor-button-content-wrapper\">\n\t\t\t\t\t\t\t\t\t<span class=\"elementor-button-text\">Leer m\u00e1s<\/span>\n\t\t\t\t\t<\/span>\n\t\t\t\t\t<\/a>\n\t\t\t\t<\/div>\n\t\t\t\t\t\t\t\t<\/div>\n\t\t\t\t<\/div>\n\t\t\t\t\t<\/div>\n\t\t\t\t<\/div>\n\t\t\t\t<\/div>\n\t\t","protected":false},"excerpt":{"rendered":"<p>Home Vea c\u00f3mo este proyecto est\u00e1 apoyando al medio ambiente y a las comunidades locales. Licencia Ambiental ONCA Leer m\u00e1s<\/p>\n","protected":false},"author":2,"featured_media":0,"parent":0,"menu_order":3,"comment_status":"closed","ping_status":"closed","template":"","meta":{"iawp_total_views":265,"footnotes":""},"class_list":["post-2762","page","type-page","status-publish","hentry"],"yoast_head":"<!-- This site is optimized with the Yoast SEO plugin v27.2 - https:\/\/yoast.com\/product\/yoast-seo-wordpress\/ -->\n<title>Resultados - Parex Resources - Onca<\/title>\n<meta name=\"robots\" content=\"index, follow, max-snippet:-1, max-image-preview:large, max-video-preview:-1\" \/>\n<link rel=\"canonical\" href=\"https:\/\/www.parexresources.com\/onca\/resultados\/\" \/>\n<meta property=\"og:locale\" content=\"en_US\" \/>\n<meta property=\"og:type\" content=\"article\" \/>\n<meta property=\"og:title\" content=\"Resultados - Parex Resources - Onca\" \/>\n<meta property=\"og:description\" content=\"Home Vea c\u00f3mo este proyecto est\u00e1 apoyando al medio ambiente y a las comunidades locales. Licencia Ambiental ONCA Leer m\u00e1s\" \/>\n<meta property=\"og:url\" content=\"https:\/\/www.parexresources.com\/onca\/resultados\/\" \/>\n<meta property=\"og:site_name\" content=\"Parex Resources - Onca\" \/>\n<meta property=\"article:modified_time\" content=\"2025-10-21T20:08:13+00:00\" \/>\n<meta name=\"twitter:card\" content=\"summary_large_image\" \/>\n<meta name=\"twitter:label1\" content=\"Est. reading time\" \/>\n\t<meta name=\"twitter:data1\" content=\"1 minute\" \/>\n<script type=\"application\/ld+json\" class=\"yoast-schema-graph\">{\"@context\":\"https:\/\/schema.org\",\"@graph\":[{\"@type\":\"WebPage\",\"@id\":\"https:\/\/www.parexresources.com\/onca\/resultados\/\",\"url\":\"https:\/\/www.parexresources.com\/onca\/resultados\/\",\"name\":\"Resultados - Parex Resources - Onca\",\"isPartOf\":{\"@id\":\"https:\/\/www.parexresources.com\/onca\/#website\"},\"datePublished\":\"2024-06-27T19:15:42+00:00\",\"dateModified\":\"2025-10-21T20:08:13+00:00\",\"breadcrumb\":{\"@id\":\"https:\/\/www.parexresources.com\/onca\/resultados\/#breadcrumb\"},\"inLanguage\":\"en-US\",\"potentialAction\":[{\"@type\":\"ReadAction\",\"target\":[\"https:\/\/www.parexresources.com\/onca\/resultados\/\"]}]},{\"@type\":\"BreadcrumbList\",\"@id\":\"https:\/\/www.parexresources.com\/onca\/resultados\/#breadcrumb\",\"itemListElement\":[{\"@type\":\"ListItem\",\"position\":1,\"name\":\"Home\",\"item\":\"https:\/\/www.parexresources.com\/onca\/\"},{\"@type\":\"ListItem\",\"position\":2,\"name\":\"Resultados\"}]},{\"@type\":\"WebSite\",\"@id\":\"https:\/\/www.parexresources.com\/onca\/#website\",\"url\":\"https:\/\/www.parexresources.com\/onca\/\",\"name\":\"Parex Resources - Onca\",\"description\":\"\",\"potentialAction\":[{\"@type\":\"SearchAction\",\"target\":{\"@type\":\"EntryPoint\",\"urlTemplate\":\"https:\/\/www.parexresources.com\/onca\/?s={search_term_string}\"},\"query-input\":{\"@type\":\"PropertyValueSpecification\",\"valueRequired\":true,\"valueName\":\"search_term_string\"}}],\"inLanguage\":\"en-US\"}]}<\/script>\n<!-- \/ Yoast SEO plugin. -->","yoast_head_json":{"title":"Resultados - Parex Resources - Onca","robots":{"index":"index","follow":"follow","max-snippet":"max-snippet:-1","max-image-preview":"max-image-preview:large","max-video-preview":"max-video-preview:-1"},"canonical":"https:\/\/www.parexresources.com\/onca\/resultados\/","og_locale":"en_US","og_type":"article","og_title":"Resultados - Parex Resources - Onca","og_description":"Home Vea c\u00f3mo este proyecto est\u00e1 apoyando al medio ambiente y a las comunidades locales. Licencia Ambiental ONCA Leer m\u00e1s","og_url":"https:\/\/www.parexresources.com\/onca\/resultados\/","og_site_name":"Parex Resources - Onca","article_modified_time":"2025-10-21T20:08:13+00:00","twitter_card":"summary_large_image","twitter_misc":{"Est. reading time":"1 minute"},"schema":{"@context":"https:\/\/schema.org","@graph":[{"@type":"WebPage","@id":"https:\/\/www.parexresources.com\/onca\/resultados\/","url":"https:\/\/www.parexresources.com\/onca\/resultados\/","name":"Resultados - Parex Resources - Onca","isPartOf":{"@id":"https:\/\/www.parexresources.com\/onca\/#website"},"datePublished":"2024-06-27T19:15:42+00:00","dateModified":"2025-10-21T20:08:13+00:00","breadcrumb":{"@id":"https:\/\/www.parexresources.com\/onca\/resultados\/#breadcrumb"},"inLanguage":"en-US","potentialAction":[{"@type":"ReadAction","target":["https:\/\/www.parexresources.com\/onca\/resultados\/"]}]},{"@type":"BreadcrumbList","@id":"https:\/\/www.parexresources.com\/onca\/resultados\/#breadcrumb","itemListElement":[{"@type":"ListItem","position":1,"name":"Home","item":"https:\/\/www.parexresources.com\/onca\/"},{"@type":"ListItem","position":2,"name":"Resultados"}]},{"@type":"WebSite","@id":"https:\/\/www.parexresources.com\/onca\/#website","url":"https:\/\/www.parexresources.com\/onca\/","name":"Parex Resources - Onca","description":"","potentialAction":[{"@type":"SearchAction","target":{"@type":"EntryPoint","urlTemplate":"https:\/\/www.parexresources.com\/onca\/?s={search_term_string}"},"query-input":{"@type":"PropertyValueSpecification","valueRequired":true,"valueName":"search_term_string"}}],"inLanguage":"en-US"}]}},"_links":{"self":[{"href":"https:\/\/www.parexresources.com\/onca\/wp-json\/wp\/v2\/pages\/2762","targetHints":{"allow":["GET"]}}],"collection":[{"href":"https:\/\/www.parexresources.com\/onca\/wp-json\/wp\/v2\/pages"}],"about":[{"href":"https:\/\/www.parexresources.com\/onca\/wp-json\/wp\/v2\/types\/page"}],"author":[{"embeddable":true,"href":"https:\/\/www.parexresources.com\/onca\/wp-json\/wp\/v2\/users\/2"}],"replies":[{"embeddable":true,"href":"https:\/\/www.parexresources.com\/onca\/wp-json\/wp\/v2\/comments?post=2762"}],"version-history":[{"count":0,"href":"https:\/\/www.parexresources.com\/onca\/wp-json\/wp\/v2\/pages\/2762\/revisions"}],"wp:attachment":[{"href":"https:\/\/www.parexresources.com\/onca\/wp-json\/wp\/v2\/media?parent=2762"}],"curies":[{"name":"wp","href":"https:\/\/api.w.org\/{rel}","templated":true}]}}