{"id":2761,"date":"2024-06-27T12:15:41","date_gmt":"2024-06-27T19:15:41","guid":{"rendered":"https:\/\/parexresource2.wpenginepowered.com\/onca\/licencia-ambiental\/"},"modified":"2024-07-31T10:13:52","modified_gmt":"2024-07-31T17:13:52","slug":"licencia-ambiental","status":"publish","type":"page","link":"https:\/\/www.parexresources.com\/onca\/licencia-ambiental\/","title":{"rendered":"Licencia Ambiental"},"content":{"rendered":"\t\t<div data-elementor-type=\"wp-page\" data-elementor-id=\"2761\" class=\"elementor elementor-2761\" data-elementor-post-type=\"page\">\n\t\t\t\t<div class=\"elementor-element elementor-element-99ab902 e-flex e-con-boxed e-con e-parent\" data-id=\"99ab902\" data-element_type=\"container\" data-e-type=\"container\" data-settings=\"{&quot;background_background&quot;:&quot;classic&quot;,&quot;jet_parallax_layout_list&quot;:[]}\">\n\t\t\t\t\t<div class=\"e-con-inner\">\n\t\t\t\t<div class=\"elementor-element elementor-element-22e7493 elementor-widget elementor-widget-jet-breadcrumbs\" data-id=\"22e7493\" data-element_type=\"widget\" data-e-type=\"widget\" data-widget_type=\"jet-breadcrumbs.default\">\n\t\t\t\t<div class=\"elementor-widget-container\">\n\t\t\t\t\t<div class=\"elementor-jet-breadcrumbs jet-blocks\">\n\t\t<div class=\"jet-breadcrumbs\">\n\t\t<div class=\"jet-breadcrumbs__content\">\n\t\t<div class=\"jet-breadcrumbs__wrap\"><div class=\"jet-breadcrumbs__item\"><a href=\"https:\/\/www.parexresources.com\/onca\/\" class=\"jet-breadcrumbs__item-link is-home\" rel=\"home\" title=\"Home\">Home<\/a><\/div>\n\t\t<\/div>\n\t\t<\/div>\n\t\t<\/div><\/div>\t\t\t\t<\/div>\n\t\t\t\t<\/div>\n\t\t\t\t<div class=\"elementor-element elementor-element-6bc23fa elementor-widget elementor-widget-heading\" data-id=\"6bc23fa\" data-element_type=\"widget\" data-e-type=\"widget\" data-widget_type=\"heading.default\">\n\t\t\t\t<div class=\"elementor-widget-container\">\n\t\t\t\t\t<h1 class=\"elementor-heading-title elementor-size-default\">Licencia Ambiental<\/h1>\t\t\t\t<\/div>\n\t\t\t\t<\/div>\n\t\t\t\t<div class=\"elementor-element elementor-element-84a0759 elementor-widget__width-initial elementor-widget elementor-widget-text-editor\" data-id=\"84a0759\" data-element_type=\"widget\" data-e-type=\"widget\" data-widget_type=\"text-editor.default\">\n\t\t\t\t<div class=\"elementor-widget-container\">\n\t\t\t\t\t\t\t\t\t<p>Aprende del proceso de licenciamiento ambiental<\/p>\t\t\t\t\t\t\t\t<\/div>\n\t\t\t\t<\/div>\n\t\t\t\t\t<\/div>\n\t\t\t\t<\/div>\n\t\t<div class=\"elementor-element elementor-element-61faa9b e-flex e-con-boxed e-con e-parent\" data-id=\"61faa9b\" data-element_type=\"container\" data-e-type=\"container\" data-settings=\"{&quot;jet_parallax_layout_list&quot;:[]}\">\n\t\t\t\t\t<div class=\"e-con-inner\">\n\t\t<div class=\"elementor-element elementor-element-74e3e02 e-con-full e-flex e-con e-child\" data-id=\"74e3e02\" data-element_type=\"container\" data-e-type=\"container\" data-settings=\"{&quot;jet_parallax_layout_list&quot;:[]}\">\n\t\t\t\t<div class=\"elementor-element elementor-element-882c193 elementor-widget elementor-widget-heading\" data-id=\"882c193\" data-element_type=\"widget\" data-e-type=\"widget\" data-widget_type=\"heading.default\">\n\t\t\t\t<div class=\"elementor-widget-container\">\n\t\t\t\t\t<h2 class=\"elementor-heading-title elementor-size-default\">Preguntas Frecuentes<\/h2>\t\t\t\t<\/div>\n\t\t\t\t<\/div>\n\t\t\t\t<\/div>\n\t\t<div class=\"elementor-element elementor-element-fc89700 e-con-full e-flex e-con e-child\" data-id=\"fc89700\" data-element_type=\"container\" data-e-type=\"container\" data-settings=\"{&quot;jet_parallax_layout_list&quot;:[]}\">\n\t\t\t\t<div class=\"elementor-element elementor-element-81c4c5e elementor-widget elementor-widget-tp-accordion\" data-id=\"81c4c5e\" data-element_type=\"widget\" data-e-type=\"widget\" data-widget_type=\"tp-accordion.default\">\n\t\t\t\t<div class=\"elementor-widget-container\">\n\t\t\t\t\t\n<div class=\"theplus-accordion-wrapper elementor-accordion   \"\n    id=\"tptab_image-carousel\" data-accordion-id=\"tptab_image-carousel\"\n    data-connection=\"tpca_image-carousel\"\n    data-accordion-type=\"accordion\"\n    data-heightlight-text  data-row-bg-conn=\"bgcarouselimage-carousel\"      role=\"tablist\" >\n\n            <div class=\"theplus-accordion-item\"  role=\"tab\">\n            <div id=\"elementor-tab-title-1361\" class=\"elementor-tab-title plus-accordion-header active-default text-left \" data-tab=\"1\" aria-controls=\"elementor-tab-content-1361\">\n                                \n                <span style=\"width:100%\">\u00bfQu\u00e9 es una Licencia Ambiental?<\/span>                <span class=\"elementor-accordion-icon elementor-accordion-icon-right\" aria-hidden=\"true\"><i class=\"elementor-accordion-icon-closed fa fa-plus\"><\/i><i class=\"elementor-accordion-icon-opened fa fa-minus\"><\/i><\/span>            <\/div>\n\n                        <div id=\"elementor-tab-content-1361\" class=\"elementor-tab-content elementor-clearfix plus-accordion-content active-default \" data-tab=\"1\" role=\"tabpanel\" aria-labelledby=\"elementor-tab-title-1361\">\n                <div class=\"plus-content-editor\" ><p>La licencia ambiental, es la autorizaci\u00f3n que otorga la autoridad ambiental competente para la ejecuci\u00f3n de un proyecto, obra o actividad, que de acuerdo con la ley y los reglamentos, pueda producir deterioro grave a los recursos naturales renovables o al medio ambiente o introducir modificaciones considerables o notorias al paisaje; la cual sujeta al beneficiario de esta, al cumplimiento de los requisitos, t\u00e9rminos, condiciones y obligaciones que la misma establezca en relaci\u00f3n con la prevenci\u00f3n, mitigaci\u00f3n, correcci\u00f3n, compensaci\u00f3n y manejo de los efectos ambientales del proyecto, obra o actividad autorizada.<\/p><p>El uso aprovechamiento y\/o afectaci\u00f3n de los recursos naturales renovables, deber\u00e1n ser claramente identificados en el respectivo Estudio de Impacto Ambiental.<\/p><p>La Licencia Ambiental deber\u00e1 obtenerse previamente a la iniciaci\u00f3n del proyecto, obra o actividad. Ning\u00fan proyecto, obra o actividad requerir\u00e1 m\u00e1s de una licencia ambiental.<\/p><p>La licencia ambiental se otorgar\u00e1 por la vida \u00fatil del proyecto, obra o actividad y cobijar\u00e1 las fases de construcci\u00f3n, montaje, operaci\u00f3n, mantenimiento, desmantelamiento, restauraci\u00f3n final, abandono y\/o terminaci\u00f3n.<\/p><p>ART\u00cdCULO 2.2.2.3.1.3 del Decreto 1076 de 2015<\/p><\/div>\n            <\/div>\n                    <\/div>\n                <div class=\"theplus-accordion-item\"  role=\"tab\">\n            <div id=\"elementor-tab-title-1362\" class=\"elementor-tab-title plus-accordion-header no text-left \" data-tab=\"2\" aria-controls=\"elementor-tab-content-1362\">\n                                \n                <span style=\"width:100%\">\u00bfQu\u00e9 es un Estudio de Impacto Ambiental?<\/span>                <span class=\"elementor-accordion-icon elementor-accordion-icon-right\" aria-hidden=\"true\"><i class=\"elementor-accordion-icon-closed fa fa-plus\"><\/i><i class=\"elementor-accordion-icon-opened fa fa-minus\"><\/i><\/span>            <\/div>\n\n                        <div id=\"elementor-tab-content-1362\" class=\"elementor-tab-content elementor-clearfix plus-accordion-content no \" data-tab=\"2\" role=\"tabpanel\" aria-labelledby=\"elementor-tab-title-1362\">\n                <div class=\"plus-content-editor\" ><p>Un Estudio de Impacto Ambiental (EIA) es el instrumento b\u00e1sico mediante el cual, la Autoridad Nacional de Licencias Ambientales (ANLA) toma decisiones respecto a los proyectos, obras o actividades que est\u00e1n sujetos al proceso de licenciamiento ambiental.<\/p><p>El Estudio de Impacto Ambiental (EIA) para el \u00c1rea de Desarrollo ONCA, se enfoca en la identificaci\u00f3n y evaluaci\u00f3n de los impactos a trav\u00e9s de la revisi\u00f3n de informaci\u00f3n, el levantamiento de datos en campo y la participaci\u00f3n de las comunidades. Su finalidad principal es proponer medidas de manejo ambiental que permitan prevenir, mitigar, corregir o compensar los impactos generados por el desarrollo del proyecto.<\/p><\/div>\n            <\/div>\n                    <\/div>\n        \n<\/div>\n\t\t\t\t<\/div>\n\t\t\t\t<\/div>\n\t\t\t\t<\/div>\n\t\t\t\t\t<\/div>\n\t\t\t\t<\/div>\n\t\t\t\t<\/div>\n\t\t","protected":false},"excerpt":{"rendered":"<p>Home Aprende del proceso de licenciamiento ambiental Preguntas Frecuentes \u00bfQu\u00e9 es una Licencia Ambiental? La licencia ambiental, es la autorizaci\u00f3n que otorga la autoridad ambiental competente para la ejecuci\u00f3n de un proyecto, obra o actividad, que de acuerdo con la ley y los reglamentos, pueda producir deterioro grave a los recursos naturales renovables o al [&hellip;]<\/p>\n","protected":false},"author":2,"featured_media":0,"parent":0,"menu_order":2,"comment_status":"closed","ping_status":"closed","template":"","meta":{"iawp_total_views":177,"footnotes":""},"class_list":["post-2761","page","type-page","status-publish","hentry"],"yoast_head":"<!-- This site is optimized with the Yoast SEO plugin v27.2 - https:\/\/yoast.com\/product\/yoast-seo-wordpress\/ -->\n<title>Licencia Ambiental - Parex Resources - Onca<\/title>\n<meta name=\"robots\" content=\"index, follow, max-snippet:-1, max-image-preview:large, max-video-preview:-1\" \/>\n<link rel=\"canonical\" href=\"https:\/\/www.parexresources.com\/onca\/licencia-ambiental\/\" \/>\n<meta property=\"og:locale\" content=\"en_US\" \/>\n<meta property=\"og:type\" content=\"article\" \/>\n<meta property=\"og:title\" content=\"Licencia Ambiental - Parex Resources - Onca\" \/>\n<meta property=\"og:description\" content=\"Home Aprende del proceso de licenciamiento ambiental Preguntas Frecuentes \u00bfQu\u00e9 es una Licencia Ambiental? La licencia ambiental, es la autorizaci\u00f3n que otorga la autoridad ambiental competente para la ejecuci\u00f3n de un proyecto, obra o actividad, que de acuerdo con la ley y los reglamentos, pueda producir deterioro grave a los recursos naturales renovables o al [&hellip;]\" \/>\n<meta property=\"og:url\" content=\"https:\/\/www.parexresources.com\/onca\/licencia-ambiental\/\" \/>\n<meta property=\"og:site_name\" content=\"Parex Resources - Onca\" \/>\n<meta property=\"article:modified_time\" content=\"2024-07-31T17:13:52+00:00\" \/>\n<meta name=\"twitter:card\" content=\"summary_large_image\" \/>\n<meta name=\"twitter:label1\" content=\"Est. reading time\" \/>\n\t<meta name=\"twitter:data1\" content=\"2 minutes\" \/>\n<script type=\"application\/ld+json\" class=\"yoast-schema-graph\">{\"@context\":\"https:\/\/schema.org\",\"@graph\":[{\"@type\":\"WebPage\",\"@id\":\"https:\/\/www.parexresources.com\/onca\/licencia-ambiental\/\",\"url\":\"https:\/\/www.parexresources.com\/onca\/licencia-ambiental\/\",\"name\":\"Licencia Ambiental - Parex Resources - Onca\",\"isPartOf\":{\"@id\":\"https:\/\/www.parexresources.com\/onca\/#website\"},\"datePublished\":\"2024-06-27T19:15:41+00:00\",\"dateModified\":\"2024-07-31T17:13:52+00:00\",\"breadcrumb\":{\"@id\":\"https:\/\/www.parexresources.com\/onca\/licencia-ambiental\/#breadcrumb\"},\"inLanguage\":\"en-US\",\"potentialAction\":[{\"@type\":\"ReadAction\",\"target\":[\"https:\/\/www.parexresources.com\/onca\/licencia-ambiental\/\"]}]},{\"@type\":\"BreadcrumbList\",\"@id\":\"https:\/\/www.parexresources.com\/onca\/licencia-ambiental\/#breadcrumb\",\"itemListElement\":[{\"@type\":\"ListItem\",\"position\":1,\"name\":\"Home\",\"item\":\"https:\/\/www.parexresources.com\/onca\/\"},{\"@type\":\"ListItem\",\"position\":2,\"name\":\"Licencia Ambiental\"}]},{\"@type\":\"WebSite\",\"@id\":\"https:\/\/www.parexresources.com\/onca\/#website\",\"url\":\"https:\/\/www.parexresources.com\/onca\/\",\"name\":\"Parex Resources - Onca\",\"description\":\"\",\"potentialAction\":[{\"@type\":\"SearchAction\",\"target\":{\"@type\":\"EntryPoint\",\"urlTemplate\":\"https:\/\/www.parexresources.com\/onca\/?s={search_term_string}\"},\"query-input\":{\"@type\":\"PropertyValueSpecification\",\"valueRequired\":true,\"valueName\":\"search_term_string\"}}],\"inLanguage\":\"en-US\"}]}<\/script>\n<!-- \/ Yoast SEO plugin. -->","yoast_head_json":{"title":"Licencia Ambiental - Parex Resources - Onca","robots":{"index":"index","follow":"follow","max-snippet":"max-snippet:-1","max-image-preview":"max-image-preview:large","max-video-preview":"max-video-preview:-1"},"canonical":"https:\/\/www.parexresources.com\/onca\/licencia-ambiental\/","og_locale":"en_US","og_type":"article","og_title":"Licencia Ambiental - Parex Resources - Onca","og_description":"Home Aprende del proceso de licenciamiento ambiental Preguntas Frecuentes \u00bfQu\u00e9 es una Licencia Ambiental? La licencia ambiental, es la autorizaci\u00f3n que otorga la autoridad ambiental competente para la ejecuci\u00f3n de un proyecto, obra o actividad, que de acuerdo con la ley y los reglamentos, pueda producir deterioro grave a los recursos naturales renovables o al [&hellip;]","og_url":"https:\/\/www.parexresources.com\/onca\/licencia-ambiental\/","og_site_name":"Parex Resources - Onca","article_modified_time":"2024-07-31T17:13:52+00:00","twitter_card":"summary_large_image","twitter_misc":{"Est. reading time":"2 minutes"},"schema":{"@context":"https:\/\/schema.org","@graph":[{"@type":"WebPage","@id":"https:\/\/www.parexresources.com\/onca\/licencia-ambiental\/","url":"https:\/\/www.parexresources.com\/onca\/licencia-ambiental\/","name":"Licencia Ambiental - Parex Resources - Onca","isPartOf":{"@id":"https:\/\/www.parexresources.com\/onca\/#website"},"datePublished":"2024-06-27T19:15:41+00:00","dateModified":"2024-07-31T17:13:52+00:00","breadcrumb":{"@id":"https:\/\/www.parexresources.com\/onca\/licencia-ambiental\/#breadcrumb"},"inLanguage":"en-US","potentialAction":[{"@type":"ReadAction","target":["https:\/\/www.parexresources.com\/onca\/licencia-ambiental\/"]}]},{"@type":"BreadcrumbList","@id":"https:\/\/www.parexresources.com\/onca\/licencia-ambiental\/#breadcrumb","itemListElement":[{"@type":"ListItem","position":1,"name":"Home","item":"https:\/\/www.parexresources.com\/onca\/"},{"@type":"ListItem","position":2,"name":"Licencia Ambiental"}]},{"@type":"WebSite","@id":"https:\/\/www.parexresources.com\/onca\/#website","url":"https:\/\/www.parexresources.com\/onca\/","name":"Parex Resources - Onca","description":"","potentialAction":[{"@type":"SearchAction","target":{"@type":"EntryPoint","urlTemplate":"https:\/\/www.parexresources.com\/onca\/?s={search_term_string}"},"query-input":{"@type":"PropertyValueSpecification","valueRequired":true,"valueName":"search_term_string"}}],"inLanguage":"en-US"}]}},"_links":{"self":[{"href":"https:\/\/www.parexresources.com\/onca\/wp-json\/wp\/v2\/pages\/2761","targetHints":{"allow":["GET"]}}],"collection":[{"href":"https:\/\/www.parexresources.com\/onca\/wp-json\/wp\/v2\/pages"}],"about":[{"href":"https:\/\/www.parexresources.com\/onca\/wp-json\/wp\/v2\/types\/page"}],"author":[{"embeddable":true,"href":"https:\/\/www.parexresources.com\/onca\/wp-json\/wp\/v2\/users\/2"}],"replies":[{"embeddable":true,"href":"https:\/\/www.parexresources.com\/onca\/wp-json\/wp\/v2\/comments?post=2761"}],"version-history":[{"count":0,"href":"https:\/\/www.parexresources.com\/onca\/wp-json\/wp\/v2\/pages\/2761\/revisions"}],"wp:attachment":[{"href":"https:\/\/www.parexresources.com\/onca\/wp-json\/wp\/v2\/media?parent=2761"}],"curies":[{"name":"wp","href":"https:\/\/api.w.org\/{rel}","templated":true}]}}