{"id":2762,"date":"2024-06-27T12:15:42","date_gmt":"2024-06-27T19:15:42","guid":{"rendered":"https:\/\/parexresource2.wpenginepowered.com\/llano95\/resultados\/"},"modified":"2025-06-10T10:26:23","modified_gmt":"2025-06-10T17:26:23","slug":"resultados","status":"publish","type":"page","link":"https:\/\/www.parexresources.com\/llanos95\/resultados\/","title":{"rendered":"Resultados"},"content":{"rendered":"\t\t<div data-elementor-type=\"wp-page\" data-elementor-id=\"2762\" class=\"elementor elementor-2762\" data-elementor-post-type=\"page\">\n\t\t\t\t<div class=\"elementor-element elementor-element-1609b8d e-flex e-con-boxed e-con e-parent\" data-id=\"1609b8d\" data-element_type=\"container\" data-e-type=\"container\" data-settings=\"{&quot;background_background&quot;:&quot;classic&quot;,&quot;jet_parallax_layout_list&quot;:[]}\">\n\t\t\t\t\t<div class=\"e-con-inner\">\n\t\t\t\t<div class=\"elementor-element elementor-element-de65a3e elementor-widget elementor-widget-jet-breadcrumbs\" data-id=\"de65a3e\" data-element_type=\"widget\" data-e-type=\"widget\" data-widget_type=\"jet-breadcrumbs.default\">\n\t\t\t\t<div class=\"elementor-widget-container\">\n\t\t\t\t\t<div class=\"elementor-jet-breadcrumbs jet-blocks\">\n\t\t<div class=\"jet-breadcrumbs\">\n\t\t<div class=\"jet-breadcrumbs__content\">\n\t\t<div class=\"jet-breadcrumbs__wrap\"><div class=\"jet-breadcrumbs__item\"><a href=\"https:\/\/www.parexresources.com\/llanos95\/\" class=\"jet-breadcrumbs__item-link is-home\" rel=\"home\" title=\"Home\">Home<\/a><\/div>\n\t\t<\/div>\n\t\t<\/div>\n\t\t<\/div><\/div>\t\t\t\t<\/div>\n\t\t\t\t<\/div>\n\t\t\t\t<div class=\"elementor-element elementor-element-feb3786 elementor-widget elementor-widget-heading\" data-id=\"feb3786\" data-element_type=\"widget\" data-e-type=\"widget\" data-widget_type=\"heading.default\">\n\t\t\t\t<div class=\"elementor-widget-container\">\n\t\t\t\t\t<h1 class=\"elementor-heading-title elementor-size-default\">Resultados<\/h1>\t\t\t\t<\/div>\n\t\t\t\t<\/div>\n\t\t\t\t<div class=\"elementor-element elementor-element-6da72c9 elementor-widget__width-initial elementor-widget elementor-widget-text-editor\" data-id=\"6da72c9\" data-element_type=\"widget\" data-e-type=\"widget\" data-widget_type=\"text-editor.default\">\n\t\t\t\t<div class=\"elementor-widget-container\">\n\t\t\t\t\t\t\t\t\t<p>Pr\u00f3ximamente podr\u00e1s acceder a los resultados del Estudio de Impacto Ambiental para el \u00c1rea de Desarrollo Llanos 95.<\/p>\t\t\t\t\t\t\t\t<\/div>\n\t\t\t\t<\/div>\n\t\t\t\t\t<\/div>\n\t\t\t\t<\/div>\n\t\t<div class=\"elementor-element elementor-element-74553a3 e-flex e-con-boxed e-con e-parent\" data-id=\"74553a3\" data-element_type=\"container\" data-e-type=\"container\" data-settings=\"{&quot;jet_parallax_layout_list&quot;:[]}\">\n\t\t\t\t\t<div class=\"e-con-inner\">\n\t\t<div class=\"elementor-element elementor-element-02ab1c4 e-con-full e-flex e-con e-child\" data-id=\"02ab1c4\" data-element_type=\"container\" data-e-type=\"container\" data-settings=\"{&quot;background_background&quot;:&quot;classic&quot;,&quot;jet_parallax_layout_list&quot;:[]}\">\n\t\t\t\t<div class=\"elementor-element elementor-element-6c2f42f elementor-widget elementor-widget-heading\" data-id=\"6c2f42f\" data-element_type=\"widget\" data-e-type=\"widget\" data-widget_type=\"heading.default\">\n\t\t\t\t<div class=\"elementor-widget-container\">\n\t\t\t\t\t<h2 class=\"elementor-heading-title elementor-size-default\">Resultados EIA<\/h2>\t\t\t\t<\/div>\n\t\t\t\t<\/div>\n\t\t\t\t<\/div>\n\t\t\t\t<div class=\"elementor-element elementor-element-54e34a9 elementor-widget elementor-widget-text-editor\" data-id=\"54e34a9\" data-element_type=\"widget\" data-e-type=\"widget\" data-widget_type=\"text-editor.default\">\n\t\t\t\t<div class=\"elementor-widget-container\">\n\t\t\t\t\t\t\t\t\t<blockquote data-start=\"247\" data-end=\"408\"><p data-start=\"249\" data-end=\"408\">Los resultados del Estudio de Impacto Ambiental (EIA) para el \u00c1rea de Desarrollo Llanos 95 han sido publicados y ya se encuentran disponibles para su consulta.<\/p><\/blockquote>\t\t\t\t\t\t\t\t<\/div>\n\t\t\t\t<\/div>\n\t\t\t\t<div class=\"elementor-element elementor-element-a7d64c1 elementor-align-center elementor-widget elementor-widget-button\" data-id=\"a7d64c1\" data-element_type=\"widget\" data-e-type=\"widget\" data-widget_type=\"button.default\">\n\t\t\t\t<div class=\"elementor-widget-container\">\n\t\t\t\t\t\t\t\t\t<div class=\"elementor-button-wrapper\">\n\t\t\t\t\t<a class=\"elementor-button elementor-button-link elementor-size-sm\" href=\"https:\/\/asiltdaco-my.sharepoint.com\/:f:\/g\/personal\/david_botero_asiltda_co\/EiZGnOv-RAVMr5L-hFmOb9kBteTFcEpL2Ochg_xZyCdQtA?e=kWPgpJ\">\n\t\t\t\t\t\t<span class=\"elementor-button-content-wrapper\">\n\t\t\t\t\t\t\t\t\t<span class=\"elementor-button-text\">Ver resultados<\/span>\n\t\t\t\t\t<\/span>\n\t\t\t\t\t<\/a>\n\t\t\t\t<\/div>\n\t\t\t\t\t\t\t\t<\/div>\n\t\t\t\t<\/div>\n\t\t\t\t\t<\/div>\n\t\t\t\t<\/div>\n\t\t<div class=\"elementor-element elementor-element-bc03129 e-flex e-con-boxed e-con e-parent\" data-id=\"bc03129\" data-element_type=\"container\" data-e-type=\"container\" data-settings=\"{&quot;jet_parallax_layout_list&quot;:[]}\">\n\t\t\t\t\t<div class=\"e-con-inner\">\n\t\t\t\t\t<\/div>\n\t\t\t\t<\/div>\n\t\t\t\t<\/div>\n\t\t","protected":false},"excerpt":{"rendered":"<p>Home Pr\u00f3ximamente podr\u00e1s acceder a los resultados del Estudio de Impacto Ambiental para el \u00c1rea de Desarrollo Llanos 95. Resultados EIA Los resultados del Estudio de Impacto Ambiental (EIA) para el \u00c1rea de Desarrollo Llanos 95 han sido publicados y ya se encuentran disponibles para su consulta. Ver resultados<\/p>\n","protected":false},"author":2,"featured_media":0,"parent":0,"menu_order":3,"comment_status":"closed","ping_status":"closed","template":"","meta":{"iawp_total_views":332,"footnotes":""},"class_list":["post-2762","page","type-page","status-publish","hentry"],"yoast_head":"<!-- This site is optimized with the Yoast SEO plugin v27.2 - https:\/\/yoast.com\/product\/yoast-seo-wordpress\/ -->\n<title>Resultados - Parex Resources - Llanos 95<\/title>\n<meta name=\"robots\" content=\"index, follow, max-snippet:-1, max-image-preview:large, max-video-preview:-1\" \/>\n<link rel=\"canonical\" href=\"https:\/\/www.parexresources.com\/llanos95\/resultados\/\" \/>\n<meta property=\"og:locale\" content=\"en_US\" \/>\n<meta property=\"og:type\" content=\"article\" \/>\n<meta property=\"og:title\" content=\"Resultados - Parex Resources - Llanos 95\" \/>\n<meta property=\"og:description\" content=\"Home Pr\u00f3ximamente podr\u00e1s acceder a los resultados del Estudio de Impacto Ambiental para el \u00c1rea de Desarrollo Llanos 95. Resultados EIA Los resultados del Estudio de Impacto Ambiental (EIA) para el \u00c1rea de Desarrollo Llanos 95 han sido publicados y ya se encuentran disponibles para su consulta. Ver resultados\" \/>\n<meta property=\"og:url\" content=\"https:\/\/www.parexresources.com\/llanos95\/resultados\/\" \/>\n<meta property=\"og:site_name\" content=\"Parex Resources - Llanos 95\" \/>\n<meta property=\"article:modified_time\" content=\"2025-06-10T17:26:23+00:00\" \/>\n<meta name=\"twitter:card\" content=\"summary_large_image\" \/>\n<meta name=\"twitter:label1\" content=\"Est. reading time\" \/>\n\t<meta name=\"twitter:data1\" content=\"1 minute\" \/>\n<script type=\"application\/ld+json\" class=\"yoast-schema-graph\">{\"@context\":\"https:\/\/schema.org\",\"@graph\":[{\"@type\":\"WebPage\",\"@id\":\"https:\/\/www.parexresources.com\/llanos95\/resultados\/\",\"url\":\"https:\/\/www.parexresources.com\/llanos95\/resultados\/\",\"name\":\"Resultados - Parex Resources - Llanos 95\",\"isPartOf\":{\"@id\":\"https:\/\/www.parexresources.com\/llanos95\/#website\"},\"datePublished\":\"2024-06-27T19:15:42+00:00\",\"dateModified\":\"2025-06-10T17:26:23+00:00\",\"breadcrumb\":{\"@id\":\"https:\/\/www.parexresources.com\/llanos95\/resultados\/#breadcrumb\"},\"inLanguage\":\"en-US\",\"potentialAction\":[{\"@type\":\"ReadAction\",\"target\":[\"https:\/\/www.parexresources.com\/llanos95\/resultados\/\"]}]},{\"@type\":\"BreadcrumbList\",\"@id\":\"https:\/\/www.parexresources.com\/llanos95\/resultados\/#breadcrumb\",\"itemListElement\":[{\"@type\":\"ListItem\",\"position\":1,\"name\":\"Home\",\"item\":\"https:\/\/www.parexresources.com\/llanos95\/\"},{\"@type\":\"ListItem\",\"position\":2,\"name\":\"Resultados\"}]},{\"@type\":\"WebSite\",\"@id\":\"https:\/\/www.parexresources.com\/llanos95\/#website\",\"url\":\"https:\/\/www.parexresources.com\/llanos95\/\",\"name\":\"Parex Resources - Llanos 95\",\"description\":\"Oil and Gas Producer in Colombia\",\"publisher\":{\"@id\":\"https:\/\/www.parexresources.com\/llanos95\/#organization\"},\"potentialAction\":[{\"@type\":\"SearchAction\",\"target\":{\"@type\":\"EntryPoint\",\"urlTemplate\":\"https:\/\/www.parexresources.com\/llanos95\/?s={search_term_string}\"},\"query-input\":{\"@type\":\"PropertyValueSpecification\",\"valueRequired\":true,\"valueName\":\"search_term_string\"}}],\"inLanguage\":\"en-US\"},{\"@type\":\"Organization\",\"@id\":\"https:\/\/www.parexresources.com\/llanos95\/#organization\",\"name\":\"Parex Resources - Llanos 95\",\"url\":\"https:\/\/www.parexresources.com\/llanos95\/\",\"logo\":{\"@type\":\"ImageObject\",\"inLanguage\":\"en-US\",\"@id\":\"https:\/\/www.parexresources.com\/llanos95\/#\/schema\/logo\/image\/\",\"url\":\"https:\/\/www.parexresources.com\/llanos95\/wp-content\/uploads\/sites\/8\/2024\/06\/Llanos95_Logo_Colour.png\",\"contentUrl\":\"https:\/\/www.parexresources.com\/llanos95\/wp-content\/uploads\/sites\/8\/2024\/06\/Llanos95_Logo_Colour.png\",\"width\":2560,\"height\":657,\"caption\":\"Parex Resources - Llanos 95\"},\"image\":{\"@id\":\"https:\/\/www.parexresources.com\/llanos95\/#\/schema\/logo\/image\/\"}}]}<\/script>\n<!-- \/ Yoast SEO plugin. -->","yoast_head_json":{"title":"Resultados - Parex Resources - Llanos 95","robots":{"index":"index","follow":"follow","max-snippet":"max-snippet:-1","max-image-preview":"max-image-preview:large","max-video-preview":"max-video-preview:-1"},"canonical":"https:\/\/www.parexresources.com\/llanos95\/resultados\/","og_locale":"en_US","og_type":"article","og_title":"Resultados - Parex Resources - Llanos 95","og_description":"Home Pr\u00f3ximamente podr\u00e1s acceder a los resultados del Estudio de Impacto Ambiental para el \u00c1rea de Desarrollo Llanos 95. Resultados EIA Los resultados del Estudio de Impacto Ambiental (EIA) para el \u00c1rea de Desarrollo Llanos 95 han sido publicados y ya se encuentran disponibles para su consulta. Ver resultados","og_url":"https:\/\/www.parexresources.com\/llanos95\/resultados\/","og_site_name":"Parex Resources - Llanos 95","article_modified_time":"2025-06-10T17:26:23+00:00","twitter_card":"summary_large_image","twitter_misc":{"Est. reading time":"1 minute"},"schema":{"@context":"https:\/\/schema.org","@graph":[{"@type":"WebPage","@id":"https:\/\/www.parexresources.com\/llanos95\/resultados\/","url":"https:\/\/www.parexresources.com\/llanos95\/resultados\/","name":"Resultados - Parex Resources - Llanos 95","isPartOf":{"@id":"https:\/\/www.parexresources.com\/llanos95\/#website"},"datePublished":"2024-06-27T19:15:42+00:00","dateModified":"2025-06-10T17:26:23+00:00","breadcrumb":{"@id":"https:\/\/www.parexresources.com\/llanos95\/resultados\/#breadcrumb"},"inLanguage":"en-US","potentialAction":[{"@type":"ReadAction","target":["https:\/\/www.parexresources.com\/llanos95\/resultados\/"]}]},{"@type":"BreadcrumbList","@id":"https:\/\/www.parexresources.com\/llanos95\/resultados\/#breadcrumb","itemListElement":[{"@type":"ListItem","position":1,"name":"Home","item":"https:\/\/www.parexresources.com\/llanos95\/"},{"@type":"ListItem","position":2,"name":"Resultados"}]},{"@type":"WebSite","@id":"https:\/\/www.parexresources.com\/llanos95\/#website","url":"https:\/\/www.parexresources.com\/llanos95\/","name":"Parex Resources - Llanos 95","description":"Oil and Gas Producer in Colombia","publisher":{"@id":"https:\/\/www.parexresources.com\/llanos95\/#organization"},"potentialAction":[{"@type":"SearchAction","target":{"@type":"EntryPoint","urlTemplate":"https:\/\/www.parexresources.com\/llanos95\/?s={search_term_string}"},"query-input":{"@type":"PropertyValueSpecification","valueRequired":true,"valueName":"search_term_string"}}],"inLanguage":"en-US"},{"@type":"Organization","@id":"https:\/\/www.parexresources.com\/llanos95\/#organization","name":"Parex Resources - Llanos 95","url":"https:\/\/www.parexresources.com\/llanos95\/","logo":{"@type":"ImageObject","inLanguage":"en-US","@id":"https:\/\/www.parexresources.com\/llanos95\/#\/schema\/logo\/image\/","url":"https:\/\/www.parexresources.com\/llanos95\/wp-content\/uploads\/sites\/8\/2024\/06\/Llanos95_Logo_Colour.png","contentUrl":"https:\/\/www.parexresources.com\/llanos95\/wp-content\/uploads\/sites\/8\/2024\/06\/Llanos95_Logo_Colour.png","width":2560,"height":657,"caption":"Parex Resources - Llanos 95"},"image":{"@id":"https:\/\/www.parexresources.com\/llanos95\/#\/schema\/logo\/image\/"}}]}},"_links":{"self":[{"href":"https:\/\/www.parexresources.com\/llanos95\/wp-json\/wp\/v2\/pages\/2762","targetHints":{"allow":["GET"]}}],"collection":[{"href":"https:\/\/www.parexresources.com\/llanos95\/wp-json\/wp\/v2\/pages"}],"about":[{"href":"https:\/\/www.parexresources.com\/llanos95\/wp-json\/wp\/v2\/types\/page"}],"author":[{"embeddable":true,"href":"https:\/\/www.parexresources.com\/llanos95\/wp-json\/wp\/v2\/users\/2"}],"replies":[{"embeddable":true,"href":"https:\/\/www.parexresources.com\/llanos95\/wp-json\/wp\/v2\/comments?post=2762"}],"version-history":[{"count":0,"href":"https:\/\/www.parexresources.com\/llanos95\/wp-json\/wp\/v2\/pages\/2762\/revisions"}],"wp:attachment":[{"href":"https:\/\/www.parexresources.com\/llanos95\/wp-json\/wp\/v2\/media?parent=2762"}],"curies":[{"name":"wp","href":"https:\/\/api.w.org\/{rel}","templated":true}]}}