{"id":2760,"date":"2024-06-27T12:15:41","date_gmt":"2024-06-27T19:15:41","guid":{"rendered":"https:\/\/parexresource2.wpenginepowered.com\/llanos111\/momentos-de-participacion\/"},"modified":"2025-01-29T09:57:42","modified_gmt":"2025-01-29T17:57:42","slug":"momentos-de-participacion","status":"publish","type":"page","link":"https:\/\/www.parexresources.com\/llanos111\/momentos-de-participacion\/","title":{"rendered":"Momentos de Participaci\u00f3n"},"content":{"rendered":"\t\t<div data-elementor-type=\"wp-page\" data-elementor-id=\"2760\" class=\"elementor elementor-2760\" data-elementor-post-type=\"page\">\n\t\t\t\t<div class=\"elementor-element elementor-element-7902397 e-flex e-con-boxed e-con e-parent\" data-id=\"7902397\" data-element_type=\"container\" data-e-type=\"container\" data-settings=\"{&quot;background_background&quot;:&quot;classic&quot;,&quot;jet_parallax_layout_list&quot;:[]}\">\n\t\t\t\t\t<div class=\"e-con-inner\">\n\t\t\t\t<div class=\"elementor-element elementor-element-fd3bbf6 elementor-widget elementor-widget-jet-breadcrumbs\" data-id=\"fd3bbf6\" data-element_type=\"widget\" data-e-type=\"widget\" data-widget_type=\"jet-breadcrumbs.default\">\n\t\t\t\t<div class=\"elementor-widget-container\">\n\t\t\t\t\t<div class=\"elementor-jet-breadcrumbs jet-blocks\">\n\t\t<div class=\"jet-breadcrumbs\">\n\t\t<div class=\"jet-breadcrumbs__content\">\n\t\t<div class=\"jet-breadcrumbs__wrap\"><div class=\"jet-breadcrumbs__item\"><a href=\"https:\/\/www.parexresources.com\/llanos111\/\" class=\"jet-breadcrumbs__item-link is-home\" rel=\"home\" title=\"Home\">Home<\/a><\/div>\n\t\t<\/div>\n\t\t<\/div>\n\t\t<\/div><\/div>\t\t\t\t<\/div>\n\t\t\t\t<\/div>\n\t\t\t\t<div class=\"elementor-element elementor-element-e99da6d elementor-widget elementor-widget-heading\" data-id=\"e99da6d\" data-element_type=\"widget\" data-e-type=\"widget\" data-widget_type=\"heading.default\">\n\t\t\t\t<div class=\"elementor-widget-container\">\n\t\t\t\t\t<h1 class=\"elementor-heading-title elementor-size-default\">Momentos de Participaci\u00f3n<\/h1>\t\t\t\t<\/div>\n\t\t\t\t<\/div>\n\t\t\t\t<div class=\"elementor-element elementor-element-0fc29a3 elementor-widget__width-initial elementor-widget elementor-widget-text-editor\" data-id=\"0fc29a3\" data-element_type=\"widget\" data-e-type=\"widget\" data-widget_type=\"text-editor.default\">\n\t\t\t\t<div class=\"elementor-widget-container\">\n\t\t\t\t\t\t\t\t\t<p>Conoce los momentos de participaci\u00f3n que se est\u00e1n realizando<br \/>en el Estudio de Impacto Ambiental (EIA) para el \u00c1rea de Desarrollo LLANOS 111.<\/p>\t\t\t\t\t\t\t\t<\/div>\n\t\t\t\t<\/div>\n\t\t\t\t\t<\/div>\n\t\t\t\t<\/div>\n\t\t<div class=\"elementor-element elementor-element-044a4a5 e-flex e-con-boxed e-con e-parent\" data-id=\"044a4a5\" data-element_type=\"container\" data-e-type=\"container\" data-settings=\"{&quot;jet_parallax_layout_list&quot;:[]}\">\n\t\t\t\t\t<div class=\"e-con-inner\">\n\t\t<div class=\"elementor-element elementor-element-a14fc17 e-con-full e-flex e-con e-child\" data-id=\"a14fc17\" data-element_type=\"container\" data-e-type=\"container\" data-settings=\"{&quot;jet_parallax_layout_list&quot;:[]}\">\n\t\t\t\t<div class=\"elementor-element elementor-element-59e089f elementor-widget elementor-widget-heading\" data-id=\"59e089f\" data-element_type=\"widget\" data-e-type=\"widget\" data-widget_type=\"heading.default\">\n\t\t\t\t<div class=\"elementor-widget-container\">\n\t\t\t\t\t<h2 class=\"elementor-heading-title elementor-size-default\">\u00bfQu\u00e9 es un Momento de Participaci\u00f3n?<\/h2>\t\t\t\t<\/div>\n\t\t\t\t<\/div>\n\t\t\t\t<div class=\"elementor-element elementor-element-5fbca14 elementor-widget elementor-widget-text-editor\" data-id=\"5fbca14\" data-element_type=\"widget\" data-e-type=\"widget\" data-widget_type=\"text-editor.default\">\n\t\t\t\t<div class=\"elementor-widget-container\">\n\t\t\t\t\t\t\t\t\t<div class=\"section-title mt-3 clearfix\"><p>Los Momentos de Participaci\u00f3n son espacios que se llevan a cabo durante la elaboraci\u00f3n de los estudios ambientales, los cuales est\u00e1n dirigidos a los actores sociales presentes en el \u00e1rea de influencia establecida para el proyecto objeto de licenciamiento ambiental, tales como autoridades regionales, autoridades municipales, organizaciones sociales, ambientales y comunidades. El prop\u00f3sito de estos espacios es la entrega de informaci\u00f3n sobre el inicio de la elaboraci\u00f3n del Estudio de Impacto Ambiental (EIA), generar espacios participativos a trav\u00e9s del desarrollo de talleres para la identificaci\u00f3n de impactos y medidas de manejo, as\u00ed como la recopilaci\u00f3n de informaci\u00f3n primaria; adem\u00e1s de la entrega de los resultados del EIA de forma amplia y oportuna.<\/p><p>Parex, comprometido con la democracia participativa, tiene como eje transversal el cumplimiento de los siguientes principios:<\/p><ol><li>Proporcionar informaci\u00f3n suficiente, amplia, clara, oportuna, accesible y comprensible.<\/li><li>Promover la deliberaci\u00f3n y argumentaci\u00f3n.<\/li><li>Garantizar el acceso permanente a la informaci\u00f3n.<\/li><\/ol><\/div>\t\t\t\t\t\t\t\t<\/div>\n\t\t\t\t<\/div>\n\t\t\t\t<\/div>\n\t\t<div class=\"elementor-element elementor-element-05b1276 e-con-full e-flex e-con e-child\" data-id=\"05b1276\" data-element_type=\"container\" data-e-type=\"container\" data-settings=\"{&quot;jet_parallax_layout_list&quot;:[]}\">\n\t\t\t\t<div class=\"elementor-element elementor-element-0a13e7c elementor-widget__width-inherit elementor-widget-mobile__width-inherit elementor-widget elementor-widget-image\" data-id=\"0a13e7c\" data-element_type=\"widget\" data-e-type=\"widget\" data-widget_type=\"image.default\">\n\t\t\t\t<div class=\"elementor-widget-container\">\n\t\t\t\t\t\t\t\t\t\t\t\t\t\t\t<img fetchpriority=\"high\" decoding=\"async\" width=\"800\" height=\"591\" src=\"https:\/\/www.parexresources.com\/llanos111\/wp-content\/uploads\/sites\/3\/2024\/07\/foto-inicial-de-moemntos-de-participacion-lla_Mesa-de-trabajo-1-1-1024x757.jpg\" class=\"attachment-large size-large wp-image-2824\" alt=\"\" srcset=\"https:\/\/www.parexresources.com\/llanos111\/wp-content\/uploads\/sites\/3\/2024\/07\/foto-inicial-de-moemntos-de-participacion-lla_Mesa-de-trabajo-1-1-1024x757.jpg 1024w, https:\/\/www.parexresources.com\/llanos111\/wp-content\/uploads\/sites\/3\/2024\/07\/foto-inicial-de-moemntos-de-participacion-lla_Mesa-de-trabajo-1-1-300x222.jpg 300w, https:\/\/www.parexresources.com\/llanos111\/wp-content\/uploads\/sites\/3\/2024\/07\/foto-inicial-de-moemntos-de-participacion-lla_Mesa-de-trabajo-1-1-768x568.jpg 768w, https:\/\/www.parexresources.com\/llanos111\/wp-content\/uploads\/sites\/3\/2024\/07\/foto-inicial-de-moemntos-de-participacion-lla_Mesa-de-trabajo-1-1-1536x1136.jpg 1536w, https:\/\/www.parexresources.com\/llanos111\/wp-content\/uploads\/sites\/3\/2024\/07\/foto-inicial-de-moemntos-de-participacion-lla_Mesa-de-trabajo-1-1.jpg 1555w\" sizes=\"(max-width: 800px) 100vw, 800px\" \/>\t\t\t\t\t\t\t\t\t\t\t\t\t\t\t<\/div>\n\t\t\t\t<\/div>\n\t\t\t\t<\/div>\n\t\t\t\t\t<\/div>\n\t\t\t\t<\/div>\n\t\t<div class=\"elementor-element elementor-element-6589b13 e-flex e-con-boxed e-con e-parent\" data-id=\"6589b13\" data-element_type=\"container\" data-e-type=\"container\" data-settings=\"{&quot;jet_parallax_layout_list&quot;:[]}\">\n\t\t\t\t\t<div class=\"e-con-inner\">\n\t\t\t\t<div class=\"elementor-element elementor-element-8af097b elementor-widget elementor-widget-heading\" data-id=\"8af097b\" data-element_type=\"widget\" data-e-type=\"widget\" data-widget_type=\"heading.default\">\n\t\t\t\t<div class=\"elementor-widget-container\">\n\t\t\t\t\t<h2 class=\"elementor-heading-title elementor-size-default\">Momentos de Participaci\u00f3n<\/h2>\t\t\t\t<\/div>\n\t\t\t\t<\/div>\n\t\t\t\t<div class=\"elementor-element elementor-element-5af9e3e elementor-widget elementor-widget-text-editor\" data-id=\"5af9e3e\" data-element_type=\"widget\" data-e-type=\"widget\" data-widget_type=\"text-editor.default\">\n\t\t\t\t<div class=\"elementor-widget-container\">\n\t\t\t\t\t\t\t\t\t<p>Presentaci\u00f3n general del estudio y descripci\u00f3n de las actividades realizadas en campo.<\/p>\t\t\t\t\t\t\t\t<\/div>\n\t\t\t\t<\/div>\n\t\t<div class=\"elementor-element elementor-element-7faf0b2 e-con-full e-flex e-con e-child\" data-id=\"7faf0b2\" data-element_type=\"container\" data-e-type=\"container\" data-settings=\"{&quot;jet_parallax_layout_list&quot;:[]}\">\n\t\t<div class=\"elementor-element elementor-element-55fb12c e-grid e-con-full e-con e-child\" data-id=\"55fb12c\" data-element_type=\"container\" data-e-type=\"container\" data-settings=\"{&quot;jet_parallax_layout_list&quot;:[]}\">\n\t\t\t\t<div class=\"elementor-element elementor-element-fc6304d elementor-cta--skin-classic elementor-animated-content elementor-bg-transform elementor-bg-transform-zoom-in elementor-widget elementor-widget-call-to-action\" data-id=\"fc6304d\" data-element_type=\"widget\" data-e-type=\"widget\" data-widget_type=\"call-to-action.default\">\n\t\t\t\t<div class=\"elementor-widget-container\">\n\t\t\t\t\t\t\t<a class=\"elementor-cta\" href=\"https:\/\/www.parexresources.com\/llanos111\/momentos-de-participacion\/primer-momento\/\">\n\t\t\t\t\t<div class=\"elementor-cta__bg-wrapper\">\n\t\t\t\t<div class=\"elementor-cta__bg elementor-bg\" style=\"background-image: url(https:\/\/www.parexresources.com\/llanos111\/wp-content\/uploads\/sites\/3\/2024\/07\/imagenes-faltantes_Mesa-de-trabajo-1-copia-1024x641.jpg);\" role=\"img\" aria-label=\"imagenes-faltantes_Mesa-de-trabajo-1-copia\"><\/div>\n\t\t\t\t<div class=\"elementor-cta__bg-overlay\"><\/div>\n\t\t\t<\/div>\n\t\t\t\t\t\t\t<div class=\"elementor-cta__content\">\n\t\t\t\t\n\t\t\t\t\t\t\t\t\t<h3 class=\"elementor-cta__title elementor-cta__content-item elementor-content-item\">\n\t\t\t\t\t\tPrimer Momento\t\t\t\t\t<\/h3>\n\t\t\t\t\n\t\t\t\t\n\t\t\t\t\t\t\t\t\t<div class=\"elementor-cta__button-wrapper elementor-cta__content-item elementor-content-item \">\n\t\t\t\t\t<span class=\"elementor-cta__button elementor-button elementor-size-\">\n\t\t\t\t\t\tLeer M\u00e1s\t\t\t\t\t<\/span>\n\t\t\t\t\t<\/div>\n\t\t\t\t\t\t\t<\/div>\n\t\t\t\t\t\t<\/a>\n\t\t\t\t\t\t<\/div>\n\t\t\t\t<\/div>\n\t\t\t\t<div class=\"elementor-element elementor-element-9aa2606 elementor-cta--skin-classic elementor-animated-content elementor-bg-transform elementor-bg-transform-zoom-in elementor-widget elementor-widget-call-to-action\" data-id=\"9aa2606\" data-element_type=\"widget\" data-e-type=\"widget\" data-widget_type=\"call-to-action.default\">\n\t\t\t\t<div class=\"elementor-widget-container\">\n\t\t\t\t\t\t\t<a class=\"elementor-cta\" href=\"https:\/\/www.parexresources.com\/llanos111\/momentos-de-participacion\/segundo-momento\/\">\n\t\t\t\t\t<div class=\"elementor-cta__bg-wrapper\">\n\t\t\t\t<div class=\"elementor-cta__bg elementor-bg\" style=\"background-image: url(https:\/\/www.parexresources.com\/llanos111\/wp-content\/uploads\/sites\/3\/2024\/07\/foto-inicial-de-moemntos-de-participacion-lla_Mesa-de-trabajo-1-1-1024x757.jpg);\" role=\"img\" aria-label=\"foto-inicial-de-moemntos-de-participacion-lla_Mesa-de-trabajo-1-(1)\"><\/div>\n\t\t\t\t<div class=\"elementor-cta__bg-overlay\"><\/div>\n\t\t\t<\/div>\n\t\t\t\t\t\t\t<div class=\"elementor-cta__content\">\n\t\t\t\t\n\t\t\t\t\t\t\t\t\t<h3 class=\"elementor-cta__title elementor-cta__content-item elementor-content-item\">\n\t\t\t\t\t\tSegundo Momento\t\t\t\t\t<\/h3>\n\t\t\t\t\n\t\t\t\t\n\t\t\t\t\t\t\t\t\t<div class=\"elementor-cta__button-wrapper elementor-cta__content-item elementor-content-item \">\n\t\t\t\t\t<span class=\"elementor-cta__button elementor-button elementor-size-\">\n\t\t\t\t\t\tLeer M\u00e1s\t\t\t\t\t<\/span>\n\t\t\t\t\t<\/div>\n\t\t\t\t\t\t\t<\/div>\n\t\t\t\t\t\t<\/a>\n\t\t\t\t\t\t<\/div>\n\t\t\t\t<\/div>\n\t\t\t\t<div class=\"elementor-element elementor-element-dc45177 elementor-cta--skin-classic elementor-animated-content elementor-bg-transform elementor-bg-transform-zoom-in elementor-widget elementor-widget-call-to-action\" data-id=\"dc45177\" data-element_type=\"widget\" data-e-type=\"widget\" data-widget_type=\"call-to-action.default\">\n\t\t\t\t<div class=\"elementor-widget-container\">\n\t\t\t\t\t\t\t<a class=\"elementor-cta\" href=\"https:\/\/www.parexresources.com\/llanos111\/momentos-de-participacion\/tercer-momento\/\">\n\t\t\t\t\t<div class=\"elementor-cta__bg-wrapper\">\n\t\t\t\t<div class=\"elementor-cta__bg elementor-bg\" style=\"background-image: url(https:\/\/www.parexresources.com\/llanos111\/wp-content\/uploads\/sites\/3\/2025\/01\/Foto-3_III-Momento-1-1024x576.jpg);\" role=\"img\" aria-label=\"Foto 3_III Momento\"><\/div>\n\t\t\t\t<div class=\"elementor-cta__bg-overlay\"><\/div>\n\t\t\t<\/div>\n\t\t\t\t\t\t\t<div class=\"elementor-cta__content\">\n\t\t\t\t\n\t\t\t\t\t\t\t\t\t<h3 class=\"elementor-cta__title elementor-cta__content-item elementor-content-item\">\n\t\t\t\t\t\t Tercer momento\t\t\t\t\t<\/h3>\n\t\t\t\t\n\t\t\t\t\n\t\t\t\t\t\t\t\t\t<div class=\"elementor-cta__button-wrapper elementor-cta__content-item elementor-content-item \">\n\t\t\t\t\t<span class=\"elementor-cta__button elementor-button elementor-size-\">\n\t\t\t\t\t\tLeer M\u00e1s\t\t\t\t\t<\/span>\n\t\t\t\t\t<\/div>\n\t\t\t\t\t\t\t<\/div>\n\t\t\t\t\t\t<\/a>\n\t\t\t\t\t\t<\/div>\n\t\t\t\t<\/div>\n\t\t\t\t<\/div>\n\t\t\t\t<\/div>\n\t\t\t\t\t<\/div>\n\t\t\t\t<\/div>\n\t\t\t\t<\/div>\n\t\t","protected":false},"excerpt":{"rendered":"<p>Home Conoce los momentos de participaci\u00f3n que se est\u00e1n realizandoen el Estudio de Impacto Ambiental (EIA) para el \u00c1rea de Desarrollo LLANOS 111. \u00bfQu\u00e9 es un Momento de Participaci\u00f3n? Los Momentos de Participaci\u00f3n son espacios que se llevan a cabo durante la elaboraci\u00f3n de los estudios ambientales, los cuales est\u00e1n dirigidos a los actores sociales [&hellip;]<\/p>\n","protected":false},"author":2,"featured_media":0,"parent":0,"menu_order":1,"comment_status":"closed","ping_status":"closed","template":"","meta":{"iawp_total_views":389,"footnotes":""},"class_list":["post-2760","page","type-page","status-publish","hentry"],"yoast_head":"<!-- This site is optimized with the Yoast SEO plugin v27.2 - https:\/\/yoast.com\/product\/yoast-seo-wordpress\/ -->\n<title>Momentos de Participaci\u00f3n - Parex Resources - Llanos 111<\/title>\n<meta name=\"robots\" content=\"index, follow, max-snippet:-1, max-image-preview:large, max-video-preview:-1\" \/>\n<link rel=\"canonical\" href=\"https:\/\/www.parexresources.com\/llanos111\/momentos-de-participacion\/\" \/>\n<meta property=\"og:locale\" content=\"en_US\" \/>\n<meta property=\"og:type\" content=\"article\" \/>\n<meta property=\"og:title\" content=\"Momentos de Participaci\u00f3n - Parex Resources - Llanos 111\" \/>\n<meta property=\"og:description\" content=\"Home Conoce los momentos de participaci\u00f3n que se est\u00e1n realizandoen el Estudio de Impacto Ambiental (EIA) para el \u00c1rea de Desarrollo LLANOS 111. \u00bfQu\u00e9 es un Momento de Participaci\u00f3n? Los Momentos de Participaci\u00f3n son espacios que se llevan a cabo durante la elaboraci\u00f3n de los estudios ambientales, los cuales est\u00e1n dirigidos a los actores sociales [&hellip;]\" \/>\n<meta property=\"og:url\" content=\"https:\/\/www.parexresources.com\/llanos111\/momentos-de-participacion\/\" \/>\n<meta property=\"og:site_name\" content=\"Parex Resources - Llanos 111\" \/>\n<meta property=\"article:modified_time\" content=\"2025-01-29T17:57:42+00:00\" \/>\n<meta property=\"og:image\" content=\"https:\/\/www.parexresources.com\/llanos111\/wp-content\/uploads\/sites\/3\/2024\/07\/foto-inicial-de-moemntos-de-participacion-lla_Mesa-de-trabajo-1-1.jpg\" \/>\n\t<meta property=\"og:image:width\" content=\"1555\" \/>\n\t<meta property=\"og:image:height\" content=\"1150\" \/>\n\t<meta property=\"og:image:type\" content=\"image\/jpeg\" \/>\n<meta name=\"twitter:card\" content=\"summary_large_image\" \/>\n<meta name=\"twitter:label1\" content=\"Est. reading time\" \/>\n\t<meta name=\"twitter:data1\" content=\"2 minutes\" \/>\n<script type=\"application\/ld+json\" class=\"yoast-schema-graph\">{\"@context\":\"https:\/\/schema.org\",\"@graph\":[{\"@type\":\"WebPage\",\"@id\":\"https:\/\/www.parexresources.com\/llanos111\/momentos-de-participacion\/\",\"url\":\"https:\/\/www.parexresources.com\/llanos111\/momentos-de-participacion\/\",\"name\":\"Momentos de Participaci\u00f3n - Parex Resources - Llanos 111\",\"isPartOf\":{\"@id\":\"https:\/\/www.parexresources.com\/llanos111\/#website\"},\"primaryImageOfPage\":{\"@id\":\"https:\/\/www.parexresources.com\/llanos111\/momentos-de-participacion\/#primaryimage\"},\"image\":{\"@id\":\"https:\/\/www.parexresources.com\/llanos111\/momentos-de-participacion\/#primaryimage\"},\"thumbnailUrl\":\"https:\/\/www.parexresources.com\/llanos111\/wp-content\/uploads\/sites\/3\/2024\/07\/foto-inicial-de-moemntos-de-participacion-lla_Mesa-de-trabajo-1-1-1024x757.jpg\",\"datePublished\":\"2024-06-27T19:15:41+00:00\",\"dateModified\":\"2025-01-29T17:57:42+00:00\",\"breadcrumb\":{\"@id\":\"https:\/\/www.parexresources.com\/llanos111\/momentos-de-participacion\/#breadcrumb\"},\"inLanguage\":\"en-US\",\"potentialAction\":[{\"@type\":\"ReadAction\",\"target\":[\"https:\/\/www.parexresources.com\/llanos111\/momentos-de-participacion\/\"]}]},{\"@type\":\"ImageObject\",\"inLanguage\":\"en-US\",\"@id\":\"https:\/\/www.parexresources.com\/llanos111\/momentos-de-participacion\/#primaryimage\",\"url\":\"https:\/\/www.parexresources.com\/llanos111\/wp-content\/uploads\/sites\/3\/2024\/07\/foto-inicial-de-moemntos-de-participacion-lla_Mesa-de-trabajo-1-1.jpg\",\"contentUrl\":\"https:\/\/www.parexresources.com\/llanos111\/wp-content\/uploads\/sites\/3\/2024\/07\/foto-inicial-de-moemntos-de-participacion-lla_Mesa-de-trabajo-1-1.jpg\",\"width\":1555,\"height\":1150},{\"@type\":\"BreadcrumbList\",\"@id\":\"https:\/\/www.parexresources.com\/llanos111\/momentos-de-participacion\/#breadcrumb\",\"itemListElement\":[{\"@type\":\"ListItem\",\"position\":1,\"name\":\"Home\",\"item\":\"https:\/\/www.parexresources.com\/llanos111\/\"},{\"@type\":\"ListItem\",\"position\":2,\"name\":\"Momentos de Participaci\u00f3n\"}]},{\"@type\":\"WebSite\",\"@id\":\"https:\/\/www.parexresources.com\/llanos111\/#website\",\"url\":\"https:\/\/www.parexresources.com\/llanos111\/\",\"name\":\"Parex Resources - Llanos 111\",\"description\":\"Oil and Gas Producer in Colombia\",\"publisher\":{\"@id\":\"https:\/\/www.parexresources.com\/llanos111\/#organization\"},\"potentialAction\":[{\"@type\":\"SearchAction\",\"target\":{\"@type\":\"EntryPoint\",\"urlTemplate\":\"https:\/\/www.parexresources.com\/llanos111\/?s={search_term_string}\"},\"query-input\":{\"@type\":\"PropertyValueSpecification\",\"valueRequired\":true,\"valueName\":\"search_term_string\"}}],\"inLanguage\":\"en-US\"},{\"@type\":\"Organization\",\"@id\":\"https:\/\/www.parexresources.com\/llanos111\/#organization\",\"name\":\"Parex Resources - Llanos 111\",\"url\":\"https:\/\/www.parexresources.com\/llanos111\/\",\"logo\":{\"@type\":\"ImageObject\",\"inLanguage\":\"en-US\",\"@id\":\"https:\/\/www.parexresources.com\/llanos111\/#\/schema\/logo\/image\/\",\"url\":\"https:\/\/www.parexresources.com\/llanos111\/wp-content\/uploads\/sites\/3\/2024\/06\/logo-llanos-111-color_Mesa-de-trabajo-1.png\",\"contentUrl\":\"https:\/\/www.parexresources.com\/llanos111\/wp-content\/uploads\/sites\/3\/2024\/06\/logo-llanos-111-color_Mesa-de-trabajo-1.png\",\"width\":2550,\"height\":875,\"caption\":\"Parex Resources - Llanos 111\"},\"image\":{\"@id\":\"https:\/\/www.parexresources.com\/llanos111\/#\/schema\/logo\/image\/\"}}]}<\/script>\n<!-- \/ Yoast SEO plugin. -->","yoast_head_json":{"title":"Momentos de Participaci\u00f3n - Parex Resources - Llanos 111","robots":{"index":"index","follow":"follow","max-snippet":"max-snippet:-1","max-image-preview":"max-image-preview:large","max-video-preview":"max-video-preview:-1"},"canonical":"https:\/\/www.parexresources.com\/llanos111\/momentos-de-participacion\/","og_locale":"en_US","og_type":"article","og_title":"Momentos de Participaci\u00f3n - Parex Resources - Llanos 111","og_description":"Home Conoce los momentos de participaci\u00f3n que se est\u00e1n realizandoen el Estudio de Impacto Ambiental (EIA) para el \u00c1rea de Desarrollo LLANOS 111. \u00bfQu\u00e9 es un Momento de Participaci\u00f3n? Los Momentos de Participaci\u00f3n son espacios que se llevan a cabo durante la elaboraci\u00f3n de los estudios ambientales, los cuales est\u00e1n dirigidos a los actores sociales [&hellip;]","og_url":"https:\/\/www.parexresources.com\/llanos111\/momentos-de-participacion\/","og_site_name":"Parex Resources - Llanos 111","article_modified_time":"2025-01-29T17:57:42+00:00","og_image":[{"width":1555,"height":1150,"url":"https:\/\/www.parexresources.com\/llanos111\/wp-content\/uploads\/sites\/3\/2024\/07\/foto-inicial-de-moemntos-de-participacion-lla_Mesa-de-trabajo-1-1.jpg","type":"image\/jpeg"}],"twitter_card":"summary_large_image","twitter_misc":{"Est. reading time":"2 minutes"},"schema":{"@context":"https:\/\/schema.org","@graph":[{"@type":"WebPage","@id":"https:\/\/www.parexresources.com\/llanos111\/momentos-de-participacion\/","url":"https:\/\/www.parexresources.com\/llanos111\/momentos-de-participacion\/","name":"Momentos de Participaci\u00f3n - Parex Resources - Llanos 111","isPartOf":{"@id":"https:\/\/www.parexresources.com\/llanos111\/#website"},"primaryImageOfPage":{"@id":"https:\/\/www.parexresources.com\/llanos111\/momentos-de-participacion\/#primaryimage"},"image":{"@id":"https:\/\/www.parexresources.com\/llanos111\/momentos-de-participacion\/#primaryimage"},"thumbnailUrl":"https:\/\/www.parexresources.com\/llanos111\/wp-content\/uploads\/sites\/3\/2024\/07\/foto-inicial-de-moemntos-de-participacion-lla_Mesa-de-trabajo-1-1-1024x757.jpg","datePublished":"2024-06-27T19:15:41+00:00","dateModified":"2025-01-29T17:57:42+00:00","breadcrumb":{"@id":"https:\/\/www.parexresources.com\/llanos111\/momentos-de-participacion\/#breadcrumb"},"inLanguage":"en-US","potentialAction":[{"@type":"ReadAction","target":["https:\/\/www.parexresources.com\/llanos111\/momentos-de-participacion\/"]}]},{"@type":"ImageObject","inLanguage":"en-US","@id":"https:\/\/www.parexresources.com\/llanos111\/momentos-de-participacion\/#primaryimage","url":"https:\/\/www.parexresources.com\/llanos111\/wp-content\/uploads\/sites\/3\/2024\/07\/foto-inicial-de-moemntos-de-participacion-lla_Mesa-de-trabajo-1-1.jpg","contentUrl":"https:\/\/www.parexresources.com\/llanos111\/wp-content\/uploads\/sites\/3\/2024\/07\/foto-inicial-de-moemntos-de-participacion-lla_Mesa-de-trabajo-1-1.jpg","width":1555,"height":1150},{"@type":"BreadcrumbList","@id":"https:\/\/www.parexresources.com\/llanos111\/momentos-de-participacion\/#breadcrumb","itemListElement":[{"@type":"ListItem","position":1,"name":"Home","item":"https:\/\/www.parexresources.com\/llanos111\/"},{"@type":"ListItem","position":2,"name":"Momentos de Participaci\u00f3n"}]},{"@type":"WebSite","@id":"https:\/\/www.parexresources.com\/llanos111\/#website","url":"https:\/\/www.parexresources.com\/llanos111\/","name":"Parex Resources - Llanos 111","description":"Oil and Gas Producer in Colombia","publisher":{"@id":"https:\/\/www.parexresources.com\/llanos111\/#organization"},"potentialAction":[{"@type":"SearchAction","target":{"@type":"EntryPoint","urlTemplate":"https:\/\/www.parexresources.com\/llanos111\/?s={search_term_string}"},"query-input":{"@type":"PropertyValueSpecification","valueRequired":true,"valueName":"search_term_string"}}],"inLanguage":"en-US"},{"@type":"Organization","@id":"https:\/\/www.parexresources.com\/llanos111\/#organization","name":"Parex Resources - Llanos 111","url":"https:\/\/www.parexresources.com\/llanos111\/","logo":{"@type":"ImageObject","inLanguage":"en-US","@id":"https:\/\/www.parexresources.com\/llanos111\/#\/schema\/logo\/image\/","url":"https:\/\/www.parexresources.com\/llanos111\/wp-content\/uploads\/sites\/3\/2024\/06\/logo-llanos-111-color_Mesa-de-trabajo-1.png","contentUrl":"https:\/\/www.parexresources.com\/llanos111\/wp-content\/uploads\/sites\/3\/2024\/06\/logo-llanos-111-color_Mesa-de-trabajo-1.png","width":2550,"height":875,"caption":"Parex Resources - Llanos 111"},"image":{"@id":"https:\/\/www.parexresources.com\/llanos111\/#\/schema\/logo\/image\/"}}]}},"_links":{"self":[{"href":"https:\/\/www.parexresources.com\/llanos111\/wp-json\/wp\/v2\/pages\/2760","targetHints":{"allow":["GET"]}}],"collection":[{"href":"https:\/\/www.parexresources.com\/llanos111\/wp-json\/wp\/v2\/pages"}],"about":[{"href":"https:\/\/www.parexresources.com\/llanos111\/wp-json\/wp\/v2\/types\/page"}],"author":[{"embeddable":true,"href":"https:\/\/www.parexresources.com\/llanos111\/wp-json\/wp\/v2\/users\/2"}],"replies":[{"embeddable":true,"href":"https:\/\/www.parexresources.com\/llanos111\/wp-json\/wp\/v2\/comments?post=2760"}],"version-history":[{"count":0,"href":"https:\/\/www.parexresources.com\/llanos111\/wp-json\/wp\/v2\/pages\/2760\/revisions"}],"wp:attachment":[{"href":"https:\/\/www.parexresources.com\/llanos111\/wp-json\/wp\/v2\/media?parent=2760"}],"curies":[{"name":"wp","href":"https:\/\/api.w.org\/{rel}","templated":true}]}}