{"id":4513,"date":"2024-07-08T13:14:27","date_gmt":"2024-07-08T20:14:27","guid":{"rendered":"https:\/\/parexresource2.wpenginepowered.com\/sostenibilidad\/medio-ambiente\/llanos-134\/"},"modified":"2024-07-29T09:25:15","modified_gmt":"2024-07-29T16:25:15","slug":"llanos-134","status":"publish","type":"page","link":"https:\/\/www.parexresources.com\/es\/sostenibilidad\/medio-ambiente\/llanos-134\/","title":{"rendered":"Llanos 134"},"content":{"rendered":"\t\t<div data-elementor-type=\"wp-page\" data-elementor-id=\"4513\" class=\"elementor elementor-4513 elementor-3103\" data-elementor-post-type=\"page\">\n\t\t\t\t<div class=\"elementor-element elementor-element-702ad21 e-flex e-con-boxed e-con e-parent\" data-id=\"702ad21\" data-element_type=\"container\" data-e-type=\"container\" data-settings=\"{&quot;background_background&quot;:&quot;classic&quot;,&quot;jet_parallax_layout_list&quot;:[]}\">\n\t\t\t\t\t<div class=\"e-con-inner\">\n\t\t\t\t<div class=\"elementor-element elementor-element-ea581fc elementor-widget elementor-widget-jet-breadcrumbs\" data-id=\"ea581fc\" data-element_type=\"widget\" data-e-type=\"widget\" data-widget_type=\"jet-breadcrumbs.default\">\n\t\t\t\t<div class=\"elementor-widget-container\">\n\t\t\t\t\t<div class=\"elementor-jet-breadcrumbs jet-blocks\">\n\t\t<div class=\"jet-breadcrumbs\">\n\t\t<div class=\"jet-breadcrumbs__content\">\n\t\t<div class=\"jet-breadcrumbs__wrap\"><div class=\"jet-breadcrumbs__item\"><a href=\"https:\/\/www.parexresources.com\/es\/\" class=\"jet-breadcrumbs__item-link is-home\" rel=\"home\" title=\"Inicio\">Inicio<\/a><\/div>\n\t\t<\/div>\n\t\t<\/div>\n\t\t<\/div><\/div>\t\t\t\t<\/div>\n\t\t\t\t<\/div>\n\t\t\t\t<div class=\"elementor-element elementor-element-ced012a elementor-widget elementor-widget-heading\" data-id=\"ced012a\" data-element_type=\"widget\" data-e-type=\"widget\" data-widget_type=\"heading.default\">\n\t\t\t\t<div class=\"elementor-widget-container\">\n\t\t\t\t\t<h1 class=\"elementor-heading-title elementor-size-default\">Llanos 134<\/h1>\t\t\t\t<\/div>\n\t\t\t\t<\/div>\n\t\t\t\t\t<\/div>\n\t\t\t\t<\/div>\n\t\t<div class=\"elementor-element elementor-element-1d6e343 e-flex e-con-boxed e-con e-parent\" data-id=\"1d6e343\" data-element_type=\"container\" data-e-type=\"container\" data-settings=\"{&quot;jet_parallax_layout_list&quot;:[]}\">\n\t\t\t\t\t<div class=\"e-con-inner\">\n\t\t<div class=\"elementor-element elementor-element-09cca00 e-flex e-con-boxed e-con e-child\" data-id=\"09cca00\" data-element_type=\"container\" data-e-type=\"container\" data-settings=\"{&quot;jet_parallax_layout_list&quot;:[]}\">\n\t\t\t\t\t<div class=\"e-con-inner\">\n\t\t<div class=\"elementor-element elementor-element-ccb7e9a e-con-full e-flex e-con e-child\" data-id=\"ccb7e9a\" data-element_type=\"container\" data-e-type=\"container\" data-settings=\"{&quot;jet_parallax_layout_list&quot;:[]}\">\n\t\t\t\t<div class=\"elementor-element elementor-element-8bf94a9 elementor-widget elementor-widget-heading\" data-id=\"8bf94a9\" data-element_type=\"widget\" data-e-type=\"widget\" data-widget_type=\"heading.default\">\n\t\t\t\t<div class=\"elementor-widget-container\">\n\t\t\t\t\t<h2 class=\"elementor-heading-title elementor-size-default\">Evaluaci\u00f3n del impacto ambiental<\/h2>\t\t\t\t<\/div>\n\t\t\t\t<\/div>\n\t\t<div class=\"elementor-element elementor-element-82d4158 e-flex e-con-boxed e-con e-child\" data-id=\"82d4158\" data-element_type=\"container\" data-e-type=\"container\" data-settings=\"{&quot;background_background&quot;:&quot;classic&quot;,&quot;jet_parallax_layout_list&quot;:[]}\">\n\t\t\t\t\t<div class=\"e-con-inner\">\n\t\t\t\t<div class=\"elementor-element elementor-element-be589fc elementor-widget__width-initial elementor-widget-tablet__width-inherit elementor-widget elementor-widget-text-editor\" data-id=\"be589fc\" data-element_type=\"widget\" data-e-type=\"widget\" data-widget_type=\"text-editor.default\">\n\t\t\t\t<div class=\"elementor-widget-container\">\n\t\t\t\t\t\t\t\t\t<p>El estudio de impacto ambiental (EIA) es el instrumento b\u00e1sico para la toma de decisiones sobre los proyectos, obras o actividades que requieren licencia ambiental. Este estudio deber\u00e1 ser elaborado de conformidad con la Metodolog\u00eda General para la Elaboraci\u00f3n y Presentaci\u00f3n de Estudios Ambientales y los t\u00e9rminos de referencia expedidos para el efecto, e incluir como m\u00ednimo los \u00edtems se\u00f1alados en el art\u00edculo 2.2.2.3.5.1 del Decreto 1076 de 2015<\/p>\n\t\t\t\t\t\t\t\t<\/div>\n\t\t\t\t<\/div>\n\t\t\t\t\t<\/div>\n\t\t\t\t<\/div>\n\t\t\t\t<\/div>\n\t\t<div class=\"elementor-element elementor-element-df7de33 e-con-full e-flex e-con e-child\" data-id=\"df7de33\" data-element_type=\"container\" data-e-type=\"container\" data-settings=\"{&quot;jet_parallax_layout_list&quot;:[]}\">\n\t\t\t\t<div class=\"elementor-element elementor-element-15aa481 elementor-widget elementor-widget-heading\" data-id=\"15aa481\" data-element_type=\"widget\" data-e-type=\"widget\" data-widget_type=\"heading.default\">\n\t\t\t\t<div class=\"elementor-widget-container\">\n\t\t\t\t\t<h2 class=\"elementor-heading-title elementor-size-default\">Licencia Ambiental<\/h2>\t\t\t\t<\/div>\n\t\t\t\t<\/div>\n\t\t<div class=\"elementor-element elementor-element-c383241 e-flex e-con-boxed e-con e-child\" data-id=\"c383241\" data-element_type=\"container\" data-e-type=\"container\" data-settings=\"{&quot;background_background&quot;:&quot;classic&quot;,&quot;jet_parallax_layout_list&quot;:[]}\">\n\t\t\t\t\t<div class=\"e-con-inner\">\n\t\t\t\t<div class=\"elementor-element elementor-element-82d2f72 elementor-widget__width-initial elementor-widget-tablet__width-inherit elementor-widget elementor-widget-text-editor\" data-id=\"82d2f72\" data-element_type=\"widget\" data-e-type=\"widget\" data-widget_type=\"text-editor.default\">\n\t\t\t\t<div class=\"elementor-widget-container\">\n\t\t\t\t\t\t\t\t\t<p>Autorizaci\u00f3n que otorga la autoridad ambiental competente para la ejecuci\u00f3n de un proyecto, obra o actividad, de acuerdo con la ley y los reglamentos, pueda producir deterioro grave a los recursos naturales renovables, o al medio ambiente, o introducir modificaciones considerables o notorias al paisaje; la cual sujeta al beneficiario de esta, al cumplimiento de los requisitos, t\u00e9rminos, condiciones y obligaciones que la misma establezca en relaci\u00f3n con la prevenci\u00f3n, mitigaci\u00f3n, correcci\u00f3n, compensaci\u00f3n y manejo de los efectos ambientales del proyecto, obra o actividad autorizada. La licencia ambiental llevar\u00e1 impl\u00edcitos todos los permisos, autorizaciones, y\/o concesiones para el uso, aprovechamiento y\/o afectaci\u00f3n de los recursos naturales renovables, que sean necesarios para el tiempo de vida \u00fatil del proyecto, obra o actividad. (Decreto 1076 de 2015).<\/p>\n\t\t\t\t\t\t\t\t<\/div>\n\t\t\t\t<\/div>\n\t\t\t\t\t<\/div>\n\t\t\t\t<\/div>\n\t\t\t\t<\/div>\n\t\t\t\t\t<\/div>\n\t\t\t\t<\/div>\n\t\t\t\t\t<\/div>\n\t\t\t\t<\/div>\n\t\t<div class=\"elementor-element elementor-element-f7efd08 e-flex e-con-boxed e-con e-parent\" data-id=\"f7efd08\" data-element_type=\"container\" data-e-type=\"container\" data-settings=\"{&quot;jet_parallax_layout_list&quot;:[]}\">\n\t\t\t\t\t<div class=\"e-con-inner\">\n\t\t<div class=\"elementor-element elementor-element-e8822c3 e-con-full e-flex e-con e-child\" data-id=\"e8822c3\" data-element_type=\"container\" data-e-type=\"container\" data-settings=\"{&quot;jet_parallax_layout_list&quot;:[]}\">\n\t\t\t\t<div class=\"elementor-element elementor-element-c1d1a3b elementor-widget elementor-widget-heading\" data-id=\"c1d1a3b\" data-element_type=\"widget\" data-e-type=\"widget\" data-widget_type=\"heading.default\">\n\t\t\t\t<div class=\"elementor-widget-container\">\n\t\t\t\t\t<h2 class=\"elementor-heading-title elementor-size-default\">Ubicaci\u00f3n \u2013 Georeferenciaci\u00f3n<\/h2>\t\t\t\t<\/div>\n\t\t\t\t<\/div>\n\t\t\t\t<div class=\"elementor-element elementor-element-3425b63 elementor-widget__width-initial elementor-widget-tablet__width-inherit elementor-widget elementor-widget-text-editor\" data-id=\"3425b63\" data-element_type=\"widget\" data-e-type=\"widget\" data-widget_type=\"text-editor.default\">\n\t\t\t\t<div class=\"elementor-widget-container\">\n\t\t\t\t\t\t\t\t\t<p>La ubicaci\u00f3n o localizaci\u00f3n geogr\u00e1fica es cualquier forma de localizaci\u00f3n en un contexto geogr\u00e1fico. A continuaci\u00f3n, podr\u00e1 conocer de manera grafica la ubicaci\u00f3n y georreferenciaci\u00f3n del bloque autorizado por la Autoridad ambiental para el desarrollo de las actividades de la compa\u00f1\u00eda en cada uno de nuestros proyectos.<\/p>\n\t\t\t\t\t\t\t\t<\/div>\n\t\t\t\t<\/div>\n\t\t\t\t<div class=\"elementor-element elementor-element-cd70ddc elementor-icon-list--layout-traditional elementor-list-item-link-full_width elementor-widget elementor-widget-icon-list\" data-id=\"cd70ddc\" data-element_type=\"widget\" data-e-type=\"widget\" data-widget_type=\"icon-list.default\">\n\t\t\t\t<div class=\"elementor-widget-container\">\n\t\t\t\t\t\t\t<ul class=\"elementor-icon-list-items\">\n\t\t\t\t\t\t\t<li class=\"elementor-icon-list-item\">\n\t\t\t\t\t\t\t\t\t\t\t<a href=\"https:\/\/www.parexresources.com\/wp-content\/uploads\/2024\/07\/Spanish%20External%20Website%20Files\/External%20Website%20Files%20-%20Copy\/Sustainability\/28.-Llanos_134_Estudios.pdf\" target=\"_blank\">\n\n\t\t\t\t\t\t\t\t\t\t\t\t<span class=\"elementor-icon-list-icon\">\n\t\t\t\t\t\t\t<svg aria-hidden=\"true\" class=\"e-font-icon-svg e-far-file-pdf\" viewBox=\"0 0 384 512\" xmlns=\"http:\/\/www.w3.org\/2000\/svg\"><path d=\"M369.9 97.9L286 14C277 5 264.8-.1 252.1-.1H48C21.5 0 0 21.5 0 48v416c0 26.5 21.5 48 48 48h288c26.5 0 48-21.5 48-48V131.9c0-12.7-5.1-25-14.1-34zM332.1 128H256V51.9l76.1 76.1zM48 464V48h160v104c0 13.3 10.7 24 24 24h104v288H48zm250.2-143.7c-12.2-12-47-8.7-64.4-6.5-17.2-10.5-28.7-25-36.8-46.3 3.9-16.1 10.1-40.6 5.4-56-4.2-26.2-37.8-23.6-42.6-5.9-4.4 16.1-.4 38.5 7 67.1-10 23.9-24.9 56-35.4 74.4-20 10.3-47 26.2-51 46.2-3.3 15.8 26 55.2 76.1-31.2 22.4-7.4 46.8-16.5 68.4-20.1 18.9 10.2 41 17 55.8 17 25.5 0 28-28.2 17.5-38.7zm-198.1 77.8c5.1-13.7 24.5-29.5 30.4-35-19 30.3-30.4 35.7-30.4 35zm81.6-190.6c7.4 0 6.7 32.1 1.8 40.8-4.4-13.9-4.3-40.8-1.8-40.8zm-24.4 136.6c9.7-16.9 18-37 24.7-54.7 8.3 15.1 18.9 27.2 30.1 35.5-20.8 4.3-38.9 13.1-54.8 19.2zm131.6-5s-5 6-37.3-7.8c35.1-2.6 40.9 5.4 37.3 7.8z\"><\/path><\/svg>\t\t\t\t\t\t<\/span>\n\t\t\t\t\t\t\t\t\t\t<span class=\"elementor-icon-list-text\">28.-Llanos_134_Estudios.pdf<\/span>\n\t\t\t\t\t\t\t\t\t\t\t<\/a>\n\t\t\t\t\t\t\t\t\t<\/li>\n\t\t\t\t\t\t<\/ul>\n\t\t\t\t\t\t<\/div>\n\t\t\t\t<\/div>\n\t\t\t\t<\/div>\n\t\t\t\t<div class=\"elementor-element elementor-element-ef31383 elementor-widget__width-initial elementor-widget-mobile__width-inherit elementor-widget elementor-widget-image\" data-id=\"ef31383\" data-element_type=\"widget\" data-e-type=\"widget\" data-widget_type=\"image.default\">\n\t\t\t\t<div class=\"elementor-widget-container\">\n\t\t\t\t\t\t\t\t\t\t\t\t\t\t\t<img fetchpriority=\"high\" decoding=\"async\" width=\"800\" height=\"616\" src=\"https:\/\/www.parexresources.com\/wp-content\/uploads\/2024\/07\/Meta-Llanos-1024x789.webp\" class=\"attachment-large size-large wp-image-3450\" alt=\"\" srcset=\"https:\/\/www.parexresources.com\/wp-content\/uploads\/2024\/07\/Meta-Llanos-1024x789.webp 1024w, https:\/\/www.parexresources.com\/wp-content\/uploads\/2024\/07\/Meta-Llanos-300x231.webp 300w, https:\/\/www.parexresources.com\/wp-content\/uploads\/2024\/07\/Meta-Llanos-768x592.webp 768w, https:\/\/www.parexresources.com\/wp-content\/uploads\/2024\/07\/Meta-Llanos.webp 1055w\" sizes=\"(max-width: 800px) 100vw, 800px\" \/>\t\t\t\t\t\t\t\t\t\t\t\t\t\t\t<\/div>\n\t\t\t\t<\/div>\n\t\t\t\t\t<\/div>\n\t\t\t\t<\/div>\n\t\t\t\t<\/div>\n\t\t","protected":false},"excerpt":{"rendered":"<p>Home Evaluaci\u00f3n del impacto ambiental El estudio de impacto ambiental (EIA) es el instrumento b\u00e1sico para la toma de decisiones sobre los proyectos, obras o actividades que requieren licencia ambiental. Este estudio deber\u00e1 ser elaborado de conformidad con la Metodolog\u00eda General para la Elaboraci\u00f3n y Presentaci\u00f3n de Estudios Ambientales y los t\u00e9rminos de referencia expedidos [&hellip;]<\/p>\n","protected":false},"author":11,"featured_media":0,"parent":4337,"menu_order":21,"comment_status":"closed","ping_status":"closed","template":"","meta":{"iawp_total_views":51,"footnotes":""},"class_list":["post-4513","page","type-page","status-publish","hentry"],"yoast_head":"<!-- This site is optimized with the Yoast SEO plugin v27.2 - https:\/\/yoast.com\/product\/yoast-seo-wordpress\/ -->\n<title>Llanos 134 - Parex Resources<\/title>\n<meta name=\"robots\" content=\"index, follow, max-snippet:-1, max-image-preview:large, max-video-preview:-1\" \/>\n<link rel=\"canonical\" href=\"https:\/\/www.parexresources.com\/es\/sostenibilidad\/medio-ambiente\/llanos-134\/\" \/>\n<meta property=\"og:locale\" content=\"es_ES\" \/>\n<meta property=\"og:type\" content=\"article\" \/>\n<meta property=\"og:title\" content=\"Llanos 134 - Parex Resources\" \/>\n<meta property=\"og:description\" content=\"Home Evaluaci\u00f3n del impacto ambiental El estudio de impacto ambiental (EIA) es el instrumento b\u00e1sico para la toma de decisiones sobre los proyectos, obras o actividades que requieren licencia ambiental. Este estudio deber\u00e1 ser elaborado de conformidad con la Metodolog\u00eda General para la Elaboraci\u00f3n y Presentaci\u00f3n de Estudios Ambientales y los t\u00e9rminos de referencia expedidos [&hellip;]\" \/>\n<meta property=\"og:url\" content=\"https:\/\/www.parexresources.com\/es\/sostenibilidad\/medio-ambiente\/llanos-134\/\" \/>\n<meta property=\"og:site_name\" content=\"Parex Resources\" \/>\n<meta property=\"article:modified_time\" content=\"2024-07-29T16:25:15+00:00\" \/>\n<meta property=\"og:image\" content=\"https:\/\/www.parexresources.com\/wp-content\/uploads\/2024\/07\/Meta-Llanos-1024x789.webp\" \/>\n<meta name=\"twitter:card\" content=\"summary_large_image\" \/>\n<meta name=\"twitter:label1\" content=\"Tiempo de lectura\" \/>\n\t<meta name=\"twitter:data1\" content=\"1 minuto\" \/>\n<script type=\"application\/ld+json\" class=\"yoast-schema-graph\">{\"@context\":\"https:\/\/schema.org\",\"@graph\":[{\"@type\":\"WebPage\",\"@id\":\"https:\/\/www.parexresources.com\/es\/sostenibilidad\/medio-ambiente\/llanos-134\/\",\"url\":\"https:\/\/www.parexresources.com\/es\/sostenibilidad\/medio-ambiente\/llanos-134\/\",\"name\":\"Llanos 134 - Parex Resources\",\"isPartOf\":{\"@id\":\"https:\/\/www.parexresources.com\/es\/#website\"},\"primaryImageOfPage\":{\"@id\":\"https:\/\/www.parexresources.com\/es\/sostenibilidad\/medio-ambiente\/llanos-134\/#primaryimage\"},\"image\":{\"@id\":\"https:\/\/www.parexresources.com\/es\/sostenibilidad\/medio-ambiente\/llanos-134\/#primaryimage\"},\"thumbnailUrl\":\"https:\/\/www.parexresources.com\/wp-content\/uploads\/2024\/07\/Meta-Llanos-1024x789.webp\",\"datePublished\":\"2024-07-08T20:14:27+00:00\",\"dateModified\":\"2024-07-29T16:25:15+00:00\",\"breadcrumb\":{\"@id\":\"https:\/\/www.parexresources.com\/es\/sostenibilidad\/medio-ambiente\/llanos-134\/#breadcrumb\"},\"inLanguage\":\"es\",\"potentialAction\":[{\"@type\":\"ReadAction\",\"target\":[\"https:\/\/www.parexresources.com\/es\/sostenibilidad\/medio-ambiente\/llanos-134\/\"]}]},{\"@type\":\"ImageObject\",\"inLanguage\":\"es\",\"@id\":\"https:\/\/www.parexresources.com\/es\/sostenibilidad\/medio-ambiente\/llanos-134\/#primaryimage\",\"url\":\"https:\/\/www.parexresources.com\/wp-content\/uploads\/2024\/07\/Meta-Llanos-1024x789.webp\",\"contentUrl\":\"https:\/\/www.parexresources.com\/wp-content\/uploads\/2024\/07\/Meta-Llanos-1024x789.webp\"},{\"@type\":\"BreadcrumbList\",\"@id\":\"https:\/\/www.parexresources.com\/es\/sostenibilidad\/medio-ambiente\/llanos-134\/#breadcrumb\",\"itemListElement\":[{\"@type\":\"ListItem\",\"position\":1,\"name\":\"Home\",\"item\":\"https:\/\/www.parexresources.com\/es\/\"},{\"@type\":\"ListItem\",\"position\":2,\"name\":\"Sostenibilidad\",\"item\":\"https:\/\/www.parexresources.com\/es\/sustainability\/\"},{\"@type\":\"ListItem\",\"position\":3,\"name\":\"Medio Ambiente\",\"item\":\"https:\/\/www.parexresources.com\/es\/sustainability\/environment\/\"},{\"@type\":\"ListItem\",\"position\":4,\"name\":\"Llanos 134\"}]},{\"@type\":\"WebSite\",\"@id\":\"https:\/\/www.parexresources.com\/es\/#website\",\"url\":\"https:\/\/www.parexresources.com\/es\/\",\"name\":\"Parex Resources\",\"description\":\"Oil and Gas Producer in Colombia\",\"publisher\":{\"@id\":\"https:\/\/www.parexresources.com\/es\/#organization\"},\"potentialAction\":[{\"@type\":\"SearchAction\",\"target\":{\"@type\":\"EntryPoint\",\"urlTemplate\":\"https:\/\/www.parexresources.com\/es\/?s={search_term_string}\"},\"query-input\":{\"@type\":\"PropertyValueSpecification\",\"valueRequired\":true,\"valueName\":\"search_term_string\"}}],\"inLanguage\":\"es\"},{\"@type\":\"Organization\",\"@id\":\"https:\/\/www.parexresources.com\/es\/#organization\",\"name\":\"Parex Resources\",\"url\":\"https:\/\/www.parexresources.com\/es\/\",\"logo\":{\"@type\":\"ImageObject\",\"inLanguage\":\"es\",\"@id\":\"https:\/\/www.parexresources.com\/es\/#\/schema\/logo\/image\/\",\"url\":\"https:\/\/www.parexresources.com\/wp-content\/uploads\/2024\/01\/parex-resources-logo.svg?t=1775542867\",\"contentUrl\":\"https:\/\/www.parexresources.com\/wp-content\/uploads\/2024\/01\/parex-resources-logo.svg?t=1775542867\",\"width\":522.46,\"height\":208.62,\"caption\":\"Parex Resources\"},\"image\":{\"@id\":\"https:\/\/www.parexresources.com\/es\/#\/schema\/logo\/image\/\"}}]}<\/script>\n<!-- \/ Yoast SEO plugin. -->","yoast_head_json":{"title":"Llanos 134 - Parex Resources","robots":{"index":"index","follow":"follow","max-snippet":"max-snippet:-1","max-image-preview":"max-image-preview:large","max-video-preview":"max-video-preview:-1"},"canonical":"https:\/\/www.parexresources.com\/es\/sostenibilidad\/medio-ambiente\/llanos-134\/","og_locale":"es_ES","og_type":"article","og_title":"Llanos 134 - Parex Resources","og_description":"Home Evaluaci\u00f3n del impacto ambiental El estudio de impacto ambiental (EIA) es el instrumento b\u00e1sico para la toma de decisiones sobre los proyectos, obras o actividades que requieren licencia ambiental. Este estudio deber\u00e1 ser elaborado de conformidad con la Metodolog\u00eda General para la Elaboraci\u00f3n y Presentaci\u00f3n de Estudios Ambientales y los t\u00e9rminos de referencia expedidos [&hellip;]","og_url":"https:\/\/www.parexresources.com\/es\/sostenibilidad\/medio-ambiente\/llanos-134\/","og_site_name":"Parex Resources","article_modified_time":"2024-07-29T16:25:15+00:00","og_image":[{"url":"https:\/\/www.parexresources.com\/wp-content\/uploads\/2024\/07\/Meta-Llanos-1024x789.webp","type":"","width":"","height":""}],"twitter_card":"summary_large_image","twitter_misc":{"Tiempo de lectura":"1 minuto"},"schema":{"@context":"https:\/\/schema.org","@graph":[{"@type":"WebPage","@id":"https:\/\/www.parexresources.com\/es\/sostenibilidad\/medio-ambiente\/llanos-134\/","url":"https:\/\/www.parexresources.com\/es\/sostenibilidad\/medio-ambiente\/llanos-134\/","name":"Llanos 134 - Parex Resources","isPartOf":{"@id":"https:\/\/www.parexresources.com\/es\/#website"},"primaryImageOfPage":{"@id":"https:\/\/www.parexresources.com\/es\/sostenibilidad\/medio-ambiente\/llanos-134\/#primaryimage"},"image":{"@id":"https:\/\/www.parexresources.com\/es\/sostenibilidad\/medio-ambiente\/llanos-134\/#primaryimage"},"thumbnailUrl":"https:\/\/www.parexresources.com\/wp-content\/uploads\/2024\/07\/Meta-Llanos-1024x789.webp","datePublished":"2024-07-08T20:14:27+00:00","dateModified":"2024-07-29T16:25:15+00:00","breadcrumb":{"@id":"https:\/\/www.parexresources.com\/es\/sostenibilidad\/medio-ambiente\/llanos-134\/#breadcrumb"},"inLanguage":"es","potentialAction":[{"@type":"ReadAction","target":["https:\/\/www.parexresources.com\/es\/sostenibilidad\/medio-ambiente\/llanos-134\/"]}]},{"@type":"ImageObject","inLanguage":"es","@id":"https:\/\/www.parexresources.com\/es\/sostenibilidad\/medio-ambiente\/llanos-134\/#primaryimage","url":"https:\/\/www.parexresources.com\/wp-content\/uploads\/2024\/07\/Meta-Llanos-1024x789.webp","contentUrl":"https:\/\/www.parexresources.com\/wp-content\/uploads\/2024\/07\/Meta-Llanos-1024x789.webp"},{"@type":"BreadcrumbList","@id":"https:\/\/www.parexresources.com\/es\/sostenibilidad\/medio-ambiente\/llanos-134\/#breadcrumb","itemListElement":[{"@type":"ListItem","position":1,"name":"Home","item":"https:\/\/www.parexresources.com\/es\/"},{"@type":"ListItem","position":2,"name":"Sostenibilidad","item":"https:\/\/www.parexresources.com\/es\/sustainability\/"},{"@type":"ListItem","position":3,"name":"Medio Ambiente","item":"https:\/\/www.parexresources.com\/es\/sustainability\/environment\/"},{"@type":"ListItem","position":4,"name":"Llanos 134"}]},{"@type":"WebSite","@id":"https:\/\/www.parexresources.com\/es\/#website","url":"https:\/\/www.parexresources.com\/es\/","name":"Parex Resources","description":"Oil and Gas Producer in Colombia","publisher":{"@id":"https:\/\/www.parexresources.com\/es\/#organization"},"potentialAction":[{"@type":"SearchAction","target":{"@type":"EntryPoint","urlTemplate":"https:\/\/www.parexresources.com\/es\/?s={search_term_string}"},"query-input":{"@type":"PropertyValueSpecification","valueRequired":true,"valueName":"search_term_string"}}],"inLanguage":"es"},{"@type":"Organization","@id":"https:\/\/www.parexresources.com\/es\/#organization","name":"Parex Resources","url":"https:\/\/www.parexresources.com\/es\/","logo":{"@type":"ImageObject","inLanguage":"es","@id":"https:\/\/www.parexresources.com\/es\/#\/schema\/logo\/image\/","url":"https:\/\/www.parexresources.com\/wp-content\/uploads\/2024\/01\/parex-resources-logo.svg?t=1775542867","contentUrl":"https:\/\/www.parexresources.com\/wp-content\/uploads\/2024\/01\/parex-resources-logo.svg?t=1775542867","width":522.46,"height":208.62,"caption":"Parex Resources"},"image":{"@id":"https:\/\/www.parexresources.com\/es\/#\/schema\/logo\/image\/"}}]}},"_links":{"self":[{"href":"https:\/\/www.parexresources.com\/es\/wp-json\/wp\/v2\/pages\/4513","targetHints":{"allow":["GET"]}}],"collection":[{"href":"https:\/\/www.parexresources.com\/es\/wp-json\/wp\/v2\/pages"}],"about":[{"href":"https:\/\/www.parexresources.com\/es\/wp-json\/wp\/v2\/types\/page"}],"author":[{"embeddable":true,"href":"https:\/\/www.parexresources.com\/es\/wp-json\/wp\/v2\/users\/11"}],"replies":[{"embeddable":true,"href":"https:\/\/www.parexresources.com\/es\/wp-json\/wp\/v2\/comments?post=4513"}],"version-history":[{"count":0,"href":"https:\/\/www.parexresources.com\/es\/wp-json\/wp\/v2\/pages\/4513\/revisions"}],"up":[{"embeddable":true,"href":"https:\/\/www.parexresources.com\/es\/wp-json\/wp\/v2\/pages\/4337"}],"wp:attachment":[{"href":"https:\/\/www.parexresources.com\/es\/wp-json\/wp\/v2\/media?parent=4513"}],"curies":[{"name":"wp","href":"https:\/\/api.w.org\/{rel}","templated":true}]}}