{"id":4397,"date":"2024-07-08T12:16:52","date_gmt":"2024-07-08T19:16:52","guid":{"rendered":"https:\/\/parexresource2.wpenginepowered.com\/sostenibilidad\/medio-ambiente\/llanos-40\/"},"modified":"2024-07-23T10:18:33","modified_gmt":"2024-07-23T17:18:33","slug":"llanos-40","status":"publish","type":"page","link":"https:\/\/www.parexresources.com\/es\/sostenibilidad\/medio-ambiente\/llanos-40\/","title":{"rendered":"Llanos 40"},"content":{"rendered":"\t\t<div data-elementor-type=\"wp-page\" data-elementor-id=\"4397\" class=\"elementor elementor-4397 elementor-3067\" data-elementor-post-type=\"page\">\n\t\t\t\t<div class=\"elementor-element elementor-element-702ad21 e-flex e-con-boxed e-con e-parent\" data-id=\"702ad21\" data-element_type=\"container\" data-e-type=\"container\" data-settings=\"{&quot;background_background&quot;:&quot;classic&quot;,&quot;jet_parallax_layout_list&quot;:[]}\">\n\t\t\t\t\t<div class=\"e-con-inner\">\n\t\t\t\t<div class=\"elementor-element elementor-element-ea581fc elementor-widget elementor-widget-jet-breadcrumbs\" data-id=\"ea581fc\" data-element_type=\"widget\" data-e-type=\"widget\" data-widget_type=\"jet-breadcrumbs.default\">\n\t\t\t\t<div class=\"elementor-widget-container\">\n\t\t\t\t\t<div class=\"elementor-jet-breadcrumbs jet-blocks\">\n\t\t<div class=\"jet-breadcrumbs\">\n\t\t<div class=\"jet-breadcrumbs__content\">\n\t\t<div class=\"jet-breadcrumbs__wrap\"><div class=\"jet-breadcrumbs__item\"><a href=\"https:\/\/www.parexresources.com\/es\/\" class=\"jet-breadcrumbs__item-link is-home\" rel=\"home\" title=\"Inicio\">Inicio<\/a><\/div>\n\t\t<\/div>\n\t\t<\/div>\n\t\t<\/div><\/div>\t\t\t\t<\/div>\n\t\t\t\t<\/div>\n\t\t\t\t<div class=\"elementor-element elementor-element-ced012a elementor-widget elementor-widget-heading\" data-id=\"ced012a\" data-element_type=\"widget\" data-e-type=\"widget\" data-widget_type=\"heading.default\">\n\t\t\t\t<div class=\"elementor-widget-container\">\n\t\t\t\t\t<h1 class=\"elementor-heading-title elementor-size-default\">Llanos 40<\/h1>\t\t\t\t<\/div>\n\t\t\t\t<\/div>\n\t\t\t\t<div class=\"elementor-element elementor-element-6ebb469 elementor-widget__width-initial elementor-widget elementor-widget-text-editor\" data-id=\"6ebb469\" data-element_type=\"widget\" data-e-type=\"widget\" data-widget_type=\"text-editor.default\">\n\t\t\t\t<div class=\"elementor-widget-container\">\n\t\t\t\t\t\t\t\t\t<p>LAM5607<\/p>\n<p>LAV0070-00-2015<\/p>\n\t\t\t\t\t\t\t\t<\/div>\n\t\t\t\t<\/div>\n\t\t\t\t\t<\/div>\n\t\t\t\t<\/div>\n\t\t<div class=\"elementor-element elementor-element-1d6e343 e-flex e-con-boxed e-con e-parent\" data-id=\"1d6e343\" data-element_type=\"container\" data-e-type=\"container\" data-settings=\"{&quot;jet_parallax_layout_list&quot;:[]}\">\n\t\t\t\t\t<div class=\"e-con-inner\">\n\t\t<div class=\"elementor-element elementor-element-09cca00 e-flex e-con-boxed e-con e-child\" data-id=\"09cca00\" data-element_type=\"container\" data-e-type=\"container\" data-settings=\"{&quot;jet_parallax_layout_list&quot;:[]}\">\n\t\t\t\t\t<div class=\"e-con-inner\">\n\t\t<div class=\"elementor-element elementor-element-ccb7e9a e-con-full e-flex e-con e-child\" data-id=\"ccb7e9a\" data-element_type=\"container\" data-e-type=\"container\" data-settings=\"{&quot;jet_parallax_layout_list&quot;:[]}\">\n\t\t\t\t<div class=\"elementor-element elementor-element-3e64a4b elementor-cta--skin-classic elementor-animated-content elementor-bg-transform elementor-bg-transform-zoom-in elementor-widget elementor-widget-call-to-action\" data-id=\"3e64a4b\" data-element_type=\"widget\" data-e-type=\"widget\" data-widget_type=\"call-to-action.default\">\n\t\t\t\t<div class=\"elementor-widget-container\">\n\t\t\t\t\t\t\t<div class=\"elementor-cta\">\n\t\t\t\t\t<div class=\"elementor-cta__bg-wrapper\">\n\t\t\t\t<div class=\"elementor-cta__bg elementor-bg\" style=\"background-image: url(https:\/\/www.parexresources.com\/wp-content\/uploads\/2024\/07\/AO3A8411-DJI_0060-copia-resize-1024x683.webp);\" role=\"img\" aria-label=\"AO3A8411-DJI_0060-copia-resize\"><\/div>\n\t\t\t\t<div class=\"elementor-cta__bg-overlay\"><\/div>\n\t\t\t<\/div>\n\t\t\t\t\t\t\t<div class=\"elementor-cta__content\">\n\t\t\t\t\n\t\t\t\t\t\t\t\t\t<h2 class=\"elementor-cta__title elementor-cta__content-item elementor-content-item\">\n\t\t\t\t\t\tDesarrollo\t\t\t\t\t<\/h2>\n\t\t\t\t\n\t\t\t\t\n\t\t\t\t\t\t\t\t\t<div class=\"elementor-cta__button-wrapper elementor-cta__content-item elementor-content-item \">\n\t\t\t\t\t<a class=\"elementor-cta__button elementor-button elementor-size-\" href=\"https:\/\/www.parexresources.com\/sustainability\/environment\/llanos-40\/llanos-40-development\/\">\n\t\t\t\t\t\tLeer m\u00e1s\t\t\t\t\t<\/a>\n\t\t\t\t\t<\/div>\n\t\t\t\t\t\t\t<\/div>\n\t\t\t\t\t\t<\/div>\n\t\t\t\t\t\t<\/div>\n\t\t\t\t<\/div>\n\t\t\t\t<\/div>\n\t\t<div class=\"elementor-element elementor-element-df7de33 e-con-full e-flex e-con e-child\" data-id=\"df7de33\" data-element_type=\"container\" data-e-type=\"container\" data-settings=\"{&quot;jet_parallax_layout_list&quot;:[]}\">\n\t\t\t\t<div class=\"elementor-element elementor-element-d27e9d1 elementor-cta--skin-classic elementor-animated-content elementor-bg-transform elementor-bg-transform-zoom-in elementor-widget elementor-widget-call-to-action\" data-id=\"d27e9d1\" data-element_type=\"widget\" data-e-type=\"widget\" data-widget_type=\"call-to-action.default\">\n\t\t\t\t<div class=\"elementor-widget-container\">\n\t\t\t\t\t\t\t<div class=\"elementor-cta\">\n\t\t\t\t\t<div class=\"elementor-cta__bg-wrapper\">\n\t\t\t\t<div class=\"elementor-cta__bg elementor-bg\" style=\"background-image: url(https:\/\/www.parexresources.com\/wp-content\/uploads\/2024\/06\/iStock-1751848523-1024x540.jpg);\" role=\"img\" aria-label=\"iStock-1751848523\"><\/div>\n\t\t\t\t<div class=\"elementor-cta__bg-overlay\"><\/div>\n\t\t\t<\/div>\n\t\t\t\t\t\t\t<div class=\"elementor-cta__content\">\n\t\t\t\t\n\t\t\t\t\t\t\t\t\t<h2 class=\"elementor-cta__title elementor-cta__content-item elementor-content-item\">\n\t\t\t\t\t\tExploraci\u00f3n\t\t\t\t\t<\/h2>\n\t\t\t\t\n\t\t\t\t\n\t\t\t\t\t\t\t\t\t<div class=\"elementor-cta__button-wrapper elementor-cta__content-item elementor-content-item \">\n\t\t\t\t\t<a class=\"elementor-cta__button elementor-button elementor-size-\" href=\"https:\/\/www.parexresources.com\/sustainability\/environment\/llanos-40\/llanos-40-exploration\/\">\n\t\t\t\t\t\tLeer m\u00e1s\t\t\t\t\t<\/a>\n\t\t\t\t\t<\/div>\n\t\t\t\t\t\t\t<\/div>\n\t\t\t\t\t\t<\/div>\n\t\t\t\t\t\t<\/div>\n\t\t\t\t<\/div>\n\t\t\t\t<\/div>\n\t\t\t\t\t<\/div>\n\t\t\t\t<\/div>\n\t\t\t\t\t<\/div>\n\t\t\t\t<\/div>\n\t\t<div class=\"elementor-element elementor-element-f7efd08 e-flex e-con-boxed e-con e-parent\" data-id=\"f7efd08\" data-element_type=\"container\" data-e-type=\"container\" data-settings=\"{&quot;jet_parallax_layout_list&quot;:[]}\">\n\t\t\t\t\t<div class=\"e-con-inner\">\n\t\t\t\t\t<\/div>\n\t\t\t\t<\/div>\n\t\t\t\t<\/div>\n\t\t","protected":false},"excerpt":{"rendered":"<p>Home LAM5607 LAV0070-00-2015 Desarrollo Leer m\u00e1s Exploraci\u00f3n Leer m\u00e1s<\/p>\n","protected":false},"author":11,"featured_media":0,"parent":4337,"menu_order":39,"comment_status":"closed","ping_status":"closed","template":"","meta":{"iawp_total_views":45,"footnotes":""},"class_list":["post-4397","page","type-page","status-publish","hentry"],"yoast_head":"<!-- This site is optimized with the Yoast SEO plugin v27.2 - https:\/\/yoast.com\/product\/yoast-seo-wordpress\/ -->\n<title>Llanos 40 - Parex Resources<\/title>\n<meta name=\"robots\" content=\"index, follow, max-snippet:-1, max-image-preview:large, max-video-preview:-1\" \/>\n<link rel=\"canonical\" href=\"https:\/\/www.parexresources.com\/es\/sostenibilidad\/medio-ambiente\/llanos-40\/\" \/>\n<meta property=\"og:locale\" content=\"es_ES\" \/>\n<meta property=\"og:type\" content=\"article\" \/>\n<meta property=\"og:title\" content=\"Llanos 40 - Parex Resources\" \/>\n<meta property=\"og:description\" content=\"Home LAM5607 LAV0070-00-2015 Desarrollo Leer m\u00e1s Exploraci\u00f3n Leer m\u00e1s\" \/>\n<meta property=\"og:url\" content=\"https:\/\/www.parexresources.com\/es\/sostenibilidad\/medio-ambiente\/llanos-40\/\" \/>\n<meta property=\"og:site_name\" content=\"Parex Resources\" \/>\n<meta property=\"article:modified_time\" content=\"2024-07-23T17:18:33+00:00\" \/>\n<meta name=\"twitter:card\" content=\"summary_large_image\" \/>\n<script type=\"application\/ld+json\" class=\"yoast-schema-graph\">{\"@context\":\"https:\/\/schema.org\",\"@graph\":[{\"@type\":\"WebPage\",\"@id\":\"https:\/\/www.parexresources.com\/es\/sostenibilidad\/medio-ambiente\/llanos-40\/\",\"url\":\"https:\/\/www.parexresources.com\/es\/sostenibilidad\/medio-ambiente\/llanos-40\/\",\"name\":\"Llanos 40 - Parex Resources\",\"isPartOf\":{\"@id\":\"https:\/\/www.parexresources.com\/es\/#website\"},\"datePublished\":\"2024-07-08T19:16:52+00:00\",\"dateModified\":\"2024-07-23T17:18:33+00:00\",\"breadcrumb\":{\"@id\":\"https:\/\/www.parexresources.com\/es\/sostenibilidad\/medio-ambiente\/llanos-40\/#breadcrumb\"},\"inLanguage\":\"es\",\"potentialAction\":[{\"@type\":\"ReadAction\",\"target\":[\"https:\/\/www.parexresources.com\/es\/sostenibilidad\/medio-ambiente\/llanos-40\/\"]}]},{\"@type\":\"BreadcrumbList\",\"@id\":\"https:\/\/www.parexresources.com\/es\/sostenibilidad\/medio-ambiente\/llanos-40\/#breadcrumb\",\"itemListElement\":[{\"@type\":\"ListItem\",\"position\":1,\"name\":\"Home\",\"item\":\"https:\/\/www.parexresources.com\/es\/\"},{\"@type\":\"ListItem\",\"position\":2,\"name\":\"Sostenibilidad\",\"item\":\"https:\/\/www.parexresources.com\/es\/sustainability\/\"},{\"@type\":\"ListItem\",\"position\":3,\"name\":\"Medio Ambiente\",\"item\":\"https:\/\/www.parexresources.com\/es\/sustainability\/environment\/\"},{\"@type\":\"ListItem\",\"position\":4,\"name\":\"Llanos 40\"}]},{\"@type\":\"WebSite\",\"@id\":\"https:\/\/www.parexresources.com\/es\/#website\",\"url\":\"https:\/\/www.parexresources.com\/es\/\",\"name\":\"Parex Resources\",\"description\":\"Oil and Gas Producer in Colombia\",\"publisher\":{\"@id\":\"https:\/\/www.parexresources.com\/es\/#organization\"},\"potentialAction\":[{\"@type\":\"SearchAction\",\"target\":{\"@type\":\"EntryPoint\",\"urlTemplate\":\"https:\/\/www.parexresources.com\/es\/?s={search_term_string}\"},\"query-input\":{\"@type\":\"PropertyValueSpecification\",\"valueRequired\":true,\"valueName\":\"search_term_string\"}}],\"inLanguage\":\"es\"},{\"@type\":\"Organization\",\"@id\":\"https:\/\/www.parexresources.com\/es\/#organization\",\"name\":\"Parex Resources\",\"url\":\"https:\/\/www.parexresources.com\/es\/\",\"logo\":{\"@type\":\"ImageObject\",\"inLanguage\":\"es\",\"@id\":\"https:\/\/www.parexresources.com\/es\/#\/schema\/logo\/image\/\",\"url\":\"https:\/\/www.parexresources.com\/wp-content\/uploads\/2024\/01\/parex-resources-logo.svg?t=1775541079\",\"contentUrl\":\"https:\/\/www.parexresources.com\/wp-content\/uploads\/2024\/01\/parex-resources-logo.svg?t=1775541079\",\"width\":522.46,\"height\":208.62,\"caption\":\"Parex Resources\"},\"image\":{\"@id\":\"https:\/\/www.parexresources.com\/es\/#\/schema\/logo\/image\/\"}}]}<\/script>\n<!-- \/ Yoast SEO plugin. -->","yoast_head_json":{"title":"Llanos 40 - Parex Resources","robots":{"index":"index","follow":"follow","max-snippet":"max-snippet:-1","max-image-preview":"max-image-preview:large","max-video-preview":"max-video-preview:-1"},"canonical":"https:\/\/www.parexresources.com\/es\/sostenibilidad\/medio-ambiente\/llanos-40\/","og_locale":"es_ES","og_type":"article","og_title":"Llanos 40 - Parex Resources","og_description":"Home LAM5607 LAV0070-00-2015 Desarrollo Leer m\u00e1s Exploraci\u00f3n Leer m\u00e1s","og_url":"https:\/\/www.parexresources.com\/es\/sostenibilidad\/medio-ambiente\/llanos-40\/","og_site_name":"Parex Resources","article_modified_time":"2024-07-23T17:18:33+00:00","twitter_card":"summary_large_image","schema":{"@context":"https:\/\/schema.org","@graph":[{"@type":"WebPage","@id":"https:\/\/www.parexresources.com\/es\/sostenibilidad\/medio-ambiente\/llanos-40\/","url":"https:\/\/www.parexresources.com\/es\/sostenibilidad\/medio-ambiente\/llanos-40\/","name":"Llanos 40 - Parex Resources","isPartOf":{"@id":"https:\/\/www.parexresources.com\/es\/#website"},"datePublished":"2024-07-08T19:16:52+00:00","dateModified":"2024-07-23T17:18:33+00:00","breadcrumb":{"@id":"https:\/\/www.parexresources.com\/es\/sostenibilidad\/medio-ambiente\/llanos-40\/#breadcrumb"},"inLanguage":"es","potentialAction":[{"@type":"ReadAction","target":["https:\/\/www.parexresources.com\/es\/sostenibilidad\/medio-ambiente\/llanos-40\/"]}]},{"@type":"BreadcrumbList","@id":"https:\/\/www.parexresources.com\/es\/sostenibilidad\/medio-ambiente\/llanos-40\/#breadcrumb","itemListElement":[{"@type":"ListItem","position":1,"name":"Home","item":"https:\/\/www.parexresources.com\/es\/"},{"@type":"ListItem","position":2,"name":"Sostenibilidad","item":"https:\/\/www.parexresources.com\/es\/sustainability\/"},{"@type":"ListItem","position":3,"name":"Medio Ambiente","item":"https:\/\/www.parexresources.com\/es\/sustainability\/environment\/"},{"@type":"ListItem","position":4,"name":"Llanos 40"}]},{"@type":"WebSite","@id":"https:\/\/www.parexresources.com\/es\/#website","url":"https:\/\/www.parexresources.com\/es\/","name":"Parex Resources","description":"Oil and Gas Producer in Colombia","publisher":{"@id":"https:\/\/www.parexresources.com\/es\/#organization"},"potentialAction":[{"@type":"SearchAction","target":{"@type":"EntryPoint","urlTemplate":"https:\/\/www.parexresources.com\/es\/?s={search_term_string}"},"query-input":{"@type":"PropertyValueSpecification","valueRequired":true,"valueName":"search_term_string"}}],"inLanguage":"es"},{"@type":"Organization","@id":"https:\/\/www.parexresources.com\/es\/#organization","name":"Parex Resources","url":"https:\/\/www.parexresources.com\/es\/","logo":{"@type":"ImageObject","inLanguage":"es","@id":"https:\/\/www.parexresources.com\/es\/#\/schema\/logo\/image\/","url":"https:\/\/www.parexresources.com\/wp-content\/uploads\/2024\/01\/parex-resources-logo.svg?t=1775541079","contentUrl":"https:\/\/www.parexresources.com\/wp-content\/uploads\/2024\/01\/parex-resources-logo.svg?t=1775541079","width":522.46,"height":208.62,"caption":"Parex Resources"},"image":{"@id":"https:\/\/www.parexresources.com\/es\/#\/schema\/logo\/image\/"}}]}},"_links":{"self":[{"href":"https:\/\/www.parexresources.com\/es\/wp-json\/wp\/v2\/pages\/4397","targetHints":{"allow":["GET"]}}],"collection":[{"href":"https:\/\/www.parexresources.com\/es\/wp-json\/wp\/v2\/pages"}],"about":[{"href":"https:\/\/www.parexresources.com\/es\/wp-json\/wp\/v2\/types\/page"}],"author":[{"embeddable":true,"href":"https:\/\/www.parexresources.com\/es\/wp-json\/wp\/v2\/users\/11"}],"replies":[{"embeddable":true,"href":"https:\/\/www.parexresources.com\/es\/wp-json\/wp\/v2\/comments?post=4397"}],"version-history":[{"count":0,"href":"https:\/\/www.parexresources.com\/es\/wp-json\/wp\/v2\/pages\/4397\/revisions"}],"up":[{"embeddable":true,"href":"https:\/\/www.parexresources.com\/es\/wp-json\/wp\/v2\/pages\/4337"}],"wp:attachment":[{"href":"https:\/\/www.parexresources.com\/es\/wp-json\/wp\/v2\/media?parent=4397"}],"curies":[{"name":"wp","href":"https:\/\/api.w.org\/{rel}","templated":true}]}}